{"id":72,"date":"2021-01-14T13:09:41","date_gmt":"2021-01-14T13:09:41","guid":{"rendered":"http:\/\/www.stegelokalforum.dk\/?page_id=72"},"modified":"2026-02-02T11:01:26","modified_gmt":"2026-02-02T11:01:26","slug":"pressemeddelelser","status":"publish","type":"page","link":"https:\/\/www.stegelokalforum.dk\/index.php\/kommunikation\/pressemeddelelser\/","title":{"rendered":"Pressemeddelelser"},"content":{"rendered":"<div id=\"pl-72\"  class=\"panel-layout\" ><div id=\"pg-72-0\"  class=\"panel-grid panel-no-style\" ><div id=\"pgc-72-0-0\"  class=\"panel-grid-cell\" ><div id=\"panel-72-0-0-0\" class=\"so-panel widget widget_sow-editor panel-first-child\" data-index=\"0\" ><div\n\t\t\t\n\t\t\tclass=\"so-widget-sow-editor so-widget-sow-editor-base\"\n\t\t\t\n\t\t><h3 class=\"widget-title\">Borgerbudget 2026<\/h3>\n<div class=\"siteorigin-widget-tinymce textwidget\">\n\t<p><strong><span style=\"font-family: 'Source Sans Pro', sans-serif; font-size: 18px;\">PRESSEMEDDELELSER<\/span><\/strong><\/p>\n<p>&nbsp;<\/p>\n<p><strong>PRESSEMIDDELLELSELSE Den 22-01-2026<\/strong><\/p>\n<p>Rift om del i borgerbudgetter<\/p>\n<p>Mens man sidste \u00e5r kun havde to af kommunens lokalfora\u2019er til at l\u00e6gge billet ind p\u00e5 den afsatte pulje p\u00e5 en halv millionkroner til borgerbudgetter, har man i 2026 haft hele ni om buddet, med det resultat, at hvert lokalforum er blevet tildelt kr. 56.000.<\/p>\n<p>P\u00e5 grund af den relativ korte tidsfrist for indsendelse af ans\u00f8gninger til screening i kommunen har man i Stege lokalforum haft en alvorlig frygt for at antallet af ans\u00f8gninger ville v\u00e6re st\u00e6rkt begr\u00e6nsede. Denne frygt blev imidlertid gjort til skamme ved mandagens borgerm\u00f8de, idet der inden m\u00f8det forel\u00e5 fem ans\u00f8gninger til et samlet bel\u00f8b til n\u00e6sten det dobbelte.<\/p>\n<p>Det var derfor n\u00f8dvendigt at bede de fremm\u00f8dte borgere om at tage del i en prioritering af de fremsendte fem ans\u00f8gninger fra henholdsvis M\u00f8n Bakkebys Venner, M\u00f8n Handel, Stege Disc Golf, M\u00f8ena M\u00f8nshallerne og De S\u00f8ndre Byers Beboerforening. Efter en gennemgang af de fem ans\u00f8gninger fik hver fremm\u00f8dt tildelt seks stemmer, hvoraf kun de tre stemmer kunne s\u00e6ttes p\u00e5 et projekt \u2013 de \u00f8vrige tre stemmer kunne fordeles p\u00e5 andre projekter med henholdsvis to og en stemme eller med hver en stemme p\u00e5 tre \u00f8vrige projekter.<\/p>\n<p>Flest stemmer fik et projekt fra Stege Disc Golf til indk\u00f8b af kurve til nogle af de baner man er ved at anl\u00e6gge i den byn\u00e6re skov ved Stege og n\u00e6stflest stemmer fik Moena M\u00f8nshallerne til projekt \u201d\u00e5ben hal\u201d. Det tyder ligeledes p\u00e5, at der ogs\u00e5 vil v\u00e6re midler at tildele De S\u00f8ndre Byers Beboerforening til deres fejring af foreningens 25-\u00e5rige jubil\u00e6um samt til foreningen M\u00f8n Bakkebys Venner til beplantning og organisering af indgangsportalen ved Klintevej.<\/p>\n<p>Alle ans\u00f8gningsskemaer indsendes nu til n\u00e6rmere screening hos kommunen \u2013 de forventes alle godkendt hvorefter det bliver op til bestyrelsen i Stege lokalforum at fordele de 56.000 kr. forholdsm\u00e6ssigt efter de afgivne stemmer - det har s\u00e5ledes v\u00e6ret de fremm\u00f8dte borgere, der sammen med bestyrelsen i Stege lokalforum har haft stor indflydelse p\u00e5 fordelingen af dette \u00e5rs midler fra puljen til borgerbudgetter og de foreninger der herefter bliver tilgodeset, kan forvente at modtage penge primo marts.<\/p>\n<p>Bestyrelsen, Stege Lokalforum<\/p>\n<p>Jan Hansen<\/p>\n<p>&nbsp;<\/p>\n<p><strong>PRESSEMEDDELELSE Den 03-01-2026<\/strong><\/p>\n<div class=\"xdj266r x14z9mp xat24cr x1lziwak x1vvkbs x126k92a\">\n<div dir=\"auto\">\n<p>Borgernes projektforslag skal v\u00e6re kommunen i h\u00e6nde senest mandag d. 2. februar.<\/p>\n<p>Hvis man som forening, organisation eller borger, har et projekt inden for Stege Lokalforum\u00b4s omr\u00e5de = 4780 Stege, er det nu det skal planl\u00e6gges og gennemarbejdes, inden pr\u00e6sentation p\u00e5 borgerm\u00f8de som Stege Lokalforum afholder p\u00e5 Det gamle R\u00e5dhus, Torvet, Storegade 39 i Stege, mandag d. 19. januar 2026 kl. 19-21. Her stemmer vi om de 5-10 projektforslag, der skal indsendes og vurderes i Vordingborg Kommune.<\/p>\n<p>I marts bliver projekterne godkendt, og er man blandt de heldige, kan man straks g\u00e5 i gang. Det forventes at man ved \u00e5rets udgang har gennemf\u00f8rt og afsluttet projektet.<\/p>\n<p>Derfor har du eller din gruppe et forslag til et godt, almennyttigt projekt, som mange kan f\u00e5 gl\u00e6de af, er det nu det skal p\u00e5 tryk og indsendes til stegelokalforum4780@gmail.com<\/p>\n<p>Med venlig hilsen<\/p>\n<p>Stege Lokalforum<\/p>\n<p>&nbsp;<\/p>\n<\/div>\n<div dir=\"auto\"><strong>PRESSEMEDDELELSE Den 12-12-2025<\/strong><\/div>\n<div dir=\"auto\"><\/div>\n<\/div>\n<div class=\"x14z9mp xat24cr x1lziwak x1vvkbs xtlvy1s x126k92a\">\n<div dir=\"auto\">Borgerbudgetter til uddeling i endnu flere lokalomr\u00e5der i 2026<\/div>\n<\/div>\n<div class=\"x14z9mp xat24cr x1lziwak x1vvkbs xtlvy1s x126k92a\">\n<div dir=\"auto\">I 2025 blev Pr\u00e6st\u00f8 og Jungshoved de f\u00f8rste lokalfora til at fordele hver 250.000 kroner i et borgerbudget. I 2026 har \u00d8konomiudvalget i Vordingborg Kommune lagt beslutningen om fordeling af n\u00e6ste \u00e5rs midler ud til lokalfora, som har besluttet, at de afsatte midler skal fordeles ligeligt mellem de interesserede lokalfora. 9 lokalfora har valgt at sige ja til et borgerbudget i 2026.<\/div>\n<\/div>\n<div class=\"x14z9mp xat24cr x1lziwak x1vvkbs xtlvy1s x126k92a\">\n<div dir=\"auto\">32 lokale projekter blev i 2025 realiseret i Pr\u00e6st\u00f8 og p\u00e5 Jungshoved, da de to lokalfora fik mulighed for at fordele Vordingborg Kommunes to f\u00f8rste borgerbudgetter.<\/div>\n<\/div>\n<div class=\"x14z9mp xat24cr x1lziwak x1vvkbs xtlvy1s x126k92a\">\n<div dir=\"auto\">De to lokalfora fik hver 250.000 kr. til konkrete lokale projekter, som borgerne selv foreslog og stemte om. If\u00f8lge begge lokalfora har fors\u00f8get v\u00e6ret en succes, hvor man har oplevet stort lokalt arrangement i at skabe ny udvikling i lokalsamfundene.<\/div>\n<\/div>\n<div class=\"x14z9mp xat24cr x1lziwak x1vvkbs xtlvy1s x126k92a\">\n<div dir=\"auto\">Nu er der s\u00e5 godt nyt til endnu flere borgere i kommunen, der har lyst til selv at realisere projekter i deres lokalomr\u00e5de, da hele 9 lokalfora f\u00e5r et borgerbudget til uddeling i deres lokalomr\u00e5der i 2026.<\/div>\n<\/div>\n<div class=\"x14z9mp xat24cr x1lziwak x1vvkbs xtlvy1s x126k92a\">\n<div dir=\"auto\">\u201dBorgerbudgetterne har givet vores borgere st\u00f8rre ejerskab over udviklingen i deres lokalomr\u00e5der. Vi er rigtig glade for, at ordningen er blevet taget s\u00e5 godt imod i Pr\u00e6st\u00f8 og p\u00e5 Jungshoved, og vi gl\u00e6der os til at se, hvad kommunens \u00f8vrige lokalomr\u00e5der kan finde p\u00e5 af sp\u00e6ndende projekter. Vi tror p\u00e5, at ordningen med borgerbudgetter er med til at styrke n\u00e6rdemokratiet i Vordingborg Kommune \u2013 og det skal selvf\u00f8lgelig v\u00e6re muligt i hele vores kommune,\u201d siger borgmester Mikael Smed.<\/div>\n<\/div>\n<div class=\"x14z9mp xat24cr x1lziwak x1vvkbs xtlvy1s x126k92a\">\n<div dir=\"auto\">Der er i 2026 igen afsat 500.000 kroner til arbejdet med borgerbudgetter. Med budgetaftale 2026-2029, som blev indg\u00e5et tidligere p\u00e5 efter\u00e5ret, blev der afsat yderligere 600.000 kr. i 2027,700.000 kr. i 2028 og 800.000 kr. i 2029 til videref\u00f8relse af initiativet med borgerbudgetter.<\/div>\n<\/div>\n<div class=\"x14z9mp xat24cr x1lziwak x1vvkbs xtlvy1s x126k92a\">\n<div dir=\"auto\">De 9 lokalfora der har \u00f8nsket at dele borgerbudgetmidlerne i 2026 ligeligt mellem sig er:<\/div>\n<\/div>\n<div class=\"x14z9mp xat24cr x1lziwak x1vvkbs xtlvy1s x126k92a\">\n<div dir=\"auto\">Nyr\u00e5d Lokalforum<\/div>\n<div dir=\"auto\">Stensved og Omegn Lokalforum<\/div>\n<div dir=\"auto\">Bog\u00f8 og Far\u00f8 Lokalforum<\/div>\n<div dir=\"auto\">Pr\u00e6st\u00f8 Lokalforum<\/div>\n<div dir=\"auto\">Lokalforum for Kalvehave og Omegn<\/div>\n<div dir=\"auto\">Vestm\u00f8n Lokalforum<\/div>\n<div dir=\"auto\">Jungshoved Lokalforum<\/div>\n<div dir=\"auto\">K\u00f8ng-Lundby og Omegn Lokalforum<\/div>\n<div dir=\"auto\">Stege Lokalforum<\/div>\n<\/div>\n<div class=\"x14z9mp xat24cr x1lziwak x1vvkbs xtlvy1s x126k92a\">\n<div dir=\"auto\">Dermed tildeles de 9 lokalfora 55.555,55 kr. hver til uddeling i deres respektive lokalomr\u00e5der i 2026.<\/div>\n<\/div>\n<div class=\"x14z9mp xat24cr x1lziwak x1vvkbs xtlvy1s x126k92a\">\n<div dir=\"auto\">De 9 lokalfora kan nu g\u00e5 i gang med at planl\u00e6gge deres lokale processer, og m\u00e5let er, at borgerbudgetterne er uddelt ved udgangen af marts 2026.<\/div>\n<\/div>\n<div class=\"x14z9mp xat24cr x1lziwak x1vvkbs xtlvy1s x126k92a\">\n<div dir=\"auto\">Borgere vil kunne finde information om processen i deres lokalomr\u00e5de via deres lokalforum.<\/div>\n<\/div>\n<p>&nbsp;<\/p>\n<p><strong>Borgerbudget l\u00e6s mere<\/strong> : https:\/\/www.vordingborg.dk\/kommunen\/nyheder\/2025\/dec\/borgerbudgetter-til-uddeling-i-endnu-flere-lokalomraader-i-2026?fbclid=IwY2xjawOs38pleHRuA2FlbQIxMABzcnRjBmFwcF9pZBAyMjIwMzkxNzg4MjAwODkyAAEeYsp0PSuJOtI2dNh-NEijfjvCwxuQPGUKkaJPbSw8XaPWG5Ua24rEiamiX3A_aem__KGx1epZVSed5Gl2i16TLw<\/p>\n<p>&nbsp;<\/p>\n<\/div>\n<\/div><\/div><div id=\"panel-72-0-0-1\" class=\"so-panel widget widget_sow-editor panel-last-child\" data-index=\"1\" ><div\n\t\t\t\n\t\t\tclass=\"so-widget-sow-editor so-widget-sow-editor-base\"\n\t\t\t\n\t\t><h3 class=\"widget-title\">Invitation til v\u00e6lgerm\u00f8de den 21.10.2025 <\/h3>\n<div class=\"siteorigin-widget-tinymce textwidget\">\n\t<p><a href=\"https:\/\/www.stegelokalforum.dk\/index.php\/kommunikation\/pressemeddelelser\/\">Pressemeddelelse om v\u00e6lgerm\u00f8de i Moena M\u00f8nshallerne den 21.10.25<\/a><\/p>\n<p>PRESSEMEDDELELSE<\/p>\n<p>\u201dHvordan f\u00e5r vi Stege til at blomstre?\u201d<\/p>\n<p>Under denne overskrift inviterer Stege Lokalforum og Moena M\u00f8nshallerne alle interesserede til<br \/>\nv\u00e6lgerm\u00f8de tirsdag d. 21. oktober kl. 19.00-21.00. M\u00f8det finder sted i hallernes foyer og alle<br \/>\npartier er opfordret til at stille med 1-2 kandidater for at komme med deres bud p\u00e5 ovenn\u00e6vnte<br \/>\nindgangssp\u00f8rgsm\u00e5l.<br \/>\nEfter en kort introduktionsrunde stiller vi f\u00f8lgende emner til debat:<br \/>\n\uf0b7 Realiseringen af Stege Havne- og Strandpark i samspil med et kommende Vandsportshus<br \/>\n\uf0b7 Udvikling af Park Moena og samarbejde med lokale akt\u00f8rer<br \/>\n\uf0b7 Styrkelse af kulturarven \u2013 Empireg\u00e5rden, voldanl\u00e6gget m.m.<br \/>\n\uf0b7 Bedre rammer for frivillighed, idr\u00e6t og kultur for alle aldersgrupper<br \/>\nIndtil videre har f\u00f8lgende kommunalbestyrelsesmedlemmer tilmeldt sig: Kenneth Andersen (A), Lis<br \/>\nDue Rasmussen (C), Gitte Correll (F), S\u00f8ren Hansen (O) og Michael Seiding Larsen (V).<br \/>\nDerudover er Kasper Borg (F), Jakob Helles og Julie Memborg (I), Tom Nielsen (L) samt Thomas<br \/>\nStecher (M) blandt de \u00f8vrige deltagere.<br \/>\nVi centrerer temaet om kultur, fritid, sundhed og trivsel. Stege Lokalforum modererer og l\u00e6gger op<\/p>\n<p>til en livlig debat mellem politikere og v\u00e6lgere. Aftenen er planlagt som en gang \u201dH\u00f8jlunds<br \/>\nForsamlingshus\u201d med en vekselvirkning mellem sp\u00f8rgsm\u00e5l fra salen og (korte) politikersvar.<\/p>\n<p>Vi inviterer p\u00e5 kaffe og kage, og h\u00e5ber, at rigtig mange borgere har lyst til at komme og deltage i<br \/>\ndebatten om byens udvikling, s\u00e5 der kan komme skub i realiseringen af de sp\u00e6ndende debatten om byens udvikling, s\u00e5 der kan komme skub i realiseringen af de sp\u00e6ndende planer for<br \/>\nStege i den kommende byr\u00e5dsperiode.<\/p>\n<p>Med venlig hilsen<br \/>\nMoena M\u00f8nshallerne Stege Lokalforum<\/p>\n<p>Inge Vibeke Boysen, centerleder\u00a0 \u00a0 \u00a0 \u00a0 \u00a0 \u00a0 \u00a0 \u00a0 \u00a0 \u00a0 \u00a0 \u00a0 \u00a0 \u00a0 \u00a0 \u00a0 \u00a0 \u00a0 \u00a0 Jan Hansen, Akaciev\u00e6nget 11, 4780 Stege<br \/>\nTlf. 20370302 \u2013 mail: iv@moena.dk\u00a0 \u00a0 \u00a0 \u00a0 \u00a0 \u00a0 \u00a0 \u00a0 \u00a0 \u00a0 \u00a0 \u00a0 \u00a0 \u00a0 \u00a0 \u00a0 \u00a0 Tlf. 61604780 \u2013 mail jaha@stegenet.dk<\/p>\n<p>&nbsp;<\/p>\n<\/div>\n<\/div><\/div><\/div><\/div><\/div><p>Hits: 780<\/p>","protected":false},"excerpt":{"rendered":"<p>PRESSEMEDDELELSER &nbsp; PRESSEMIDDELLELSELSE Den 22-01-2026 Rift om del i borgerbudgetter Mens man sidste \u00e5r kun havde to af kommunens lokalfora\u2019er til at l\u00e6gge billet ind p\u00e5 den afsatte pulje p\u00e5 en halv millionkroner til borgerbudgetter, har man i 2026 haft hele ni om buddet, med det resultat, at hvert lokalforum er blevet tildelt kr. 56.000.&hellip; <br \/> <a class=\"button small blue\" href=\"https:\/\/www.stegelokalforum.dk\/index.php\/kommunikation\/pressemeddelelser\/\">L\u00e6s mere<\/a><\/p>\n<div class=\"pvc_clear\"><\/div>\n<p id=\"pvc_stats_72\" class=\"pvc_stats all  \" data-element-id=\"72\" style=\"\"><i class=\"pvc-stats-icon medium\" aria-hidden=\"true\"><svg aria-hidden=\"true\" focusable=\"false\" data-prefix=\"far\" data-icon=\"chart-bar\" role=\"img\" xmlns=\"http:\/\/www.w3.org\/2000\/svg\" viewBox=\"0 0 512 512\" class=\"svg-inline--fa fa-chart-bar fa-w-16 fa-2x\"><path fill=\"currentColor\" d=\"M396.8 352h22.4c6.4 0 12.8-6.4 12.8-12.8V108.8c0-6.4-6.4-12.8-12.8-12.8h-22.4c-6.4 0-12.8 6.4-12.8 12.8v230.4c0 6.4 6.4 12.8 12.8 12.8zm-192 0h22.4c6.4 0 12.8-6.4 12.8-12.8V140.8c0-6.4-6.4-12.8-12.8-12.8h-22.4c-6.4 0-12.8 6.4-12.8 12.8v198.4c0 6.4 6.4 12.8 12.8 12.8zm96 0h22.4c6.4 0 12.8-6.4 12.8-12.8V204.8c0-6.4-6.4-12.8-12.8-12.8h-22.4c-6.4 0-12.8 6.4-12.8 12.8v134.4c0 6.4 6.4 12.8 12.8 12.8zM496 400H48V80c0-8.84-7.16-16-16-16H16C7.16 64 0 71.16 0 80v336c0 17.67 14.33 32 32 32h464c8.84 0 16-7.16 16-16v-16c0-8.84-7.16-16-16-16zm-387.2-48h22.4c6.4 0 12.8-6.4 12.8-12.8v-70.4c0-6.4-6.4-12.8-12.8-12.8h-22.4c-6.4 0-12.8 6.4-12.8 12.8v70.4c0 6.4 6.4 12.8 12.8 12.8z\" class=\"\"><\/path><\/svg><\/i> <img loading=\"lazy\" decoding=\"async\" width=\"16\" height=\"16\" alt=\"Loading\" src=\"https:\/\/www.stegelokalforum.dk\/wp-content\/plugins\/page-views-count\/ajax-loader-2x.gif\" border=0 \/><\/p>\n<div class=\"pvc_clear\"><\/div>\n","protected":false},"author":2,"featured_media":0,"parent":54,"menu_order":1,"comment_status":"closed","ping_status":"closed","template":"","meta":{"footnotes":""},"_links":{"self":[{"href":"https:\/\/www.stegelokalforum.dk\/index.php\/wp-json\/wp\/v2\/pages\/72"}],"collection":[{"href":"https:\/\/www.stegelokalforum.dk\/index.php\/wp-json\/wp\/v2\/pages"}],"about":[{"href":"https:\/\/www.stegelokalforum.dk\/index.php\/wp-json\/wp\/v2\/types\/page"}],"author":[{"embeddable":true,"href":"https:\/\/www.stegelokalforum.dk\/index.php\/wp-json\/wp\/v2\/users\/2"}],"replies":[{"embeddable":true,"href":"https:\/\/www.stegelokalforum.dk\/index.php\/wp-json\/wp\/v2\/comments?post=72"}],"version-history":[{"count":11,"href":"https:\/\/www.stegelokalforum.dk\/index.php\/wp-json\/wp\/v2\/pages\/72\/revisions"}],"predecessor-version":[{"id":1560,"href":"https:\/\/www.stegelokalforum.dk\/index.php\/wp-json\/wp\/v2\/pages\/72\/revisions\/1560"}],"up":[{"embeddable":true,"href":"https:\/\/www.stegelokalforum.dk\/index.php\/wp-json\/wp\/v2\/pages\/54"}],"wp:attachment":[{"href":"https:\/\/www.stegelokalforum.dk\/index.php\/wp-json\/wp\/v2\/media?parent=72"}],"curies":[{"name":"wp","href":"https:\/\/api.w.org\/{rel}","templated":true}]}}