{"id":226,"date":"2021-01-15T07:58:12","date_gmt":"2021-01-15T07:58:12","guid":{"rendered":"http:\/\/www.stegelokalforum.dk\/?page_id=226"},"modified":"2025-04-10T03:40:01","modified_gmt":"2025-04-10T03:40:01","slug":"vedtaegter","status":"publish","type":"page","link":"https:\/\/www.stegelokalforum.dk\/index.php\/stege-lokalforum\/vedtaegter\/","title":{"rendered":"Vedt\u00e6gter"},"content":{"rendered":"<div id=\"pl-226\"  class=\"panel-layout\" ><div id=\"pg-226-0\"  class=\"panel-grid panel-no-style\" ><div id=\"pgc-226-0-0\"  class=\"panel-grid-cell\" ><div id=\"panel-226-0-0-0\" class=\"so-panel widget widget_sow-editor panel-first-child panel-last-child\" data-index=\"0\" ><div\n\t\t\t\n\t\t\tclass=\"so-widget-sow-editor so-widget-sow-editor-base\"\n\t\t\t\n\t\t><h3 class=\"widget-title\">Vedt\u00e6gter for Stege Lokalforum<\/h3>\n<div class=\"siteorigin-widget-tinymce textwidget\">\n\t<p><strong>Vedt\u00e6gter for Stege Lokalforum<\/strong><\/p>\n<p>Udgave 03 - opdateret den 20.03.2025<\/p>\n<p>\u00a7 1 Navn: Stege Lokalforum<\/p>\n<p>\u00a7 2 Form\u00e5l: Stege Lokalforum er et lokalforum under Vordingborg Kommunes<\/p>\n<p>N\u00e6rdemokratimodel og har derfor til form\u00e5l at virke for at samle omr\u00e5dets erhvervsdrivende, foreninger og frivillige om omr\u00e5dets udvikling, og for at g\u00f8re det til et attraktivt sted at bo og leve. Form\u00e5let er endvidere at skabe det bedst mulige samarbejde og dialog med erhvervslivet, politikere og administrationen i Vordingborg Kommune om omr\u00e5dets udvikling.<\/p>\n<p>\u00a7 3 Medlemmer: Stege Lokalforums medlemmer er alle borgere som er bosat i, eller har en s\u00e6rlig relation til omr\u00e5det.<\/p>\n<p>\u00a7 4 \u00d8konomi: Stege Lokalforums aktiviteter finansieres af Vordingborg Kommune gennem et \u00e5rligt tilskud. Dette bel\u00f8b skal der ikke afl\u00e6gges regnskab for. I forhold til bank og myndigheder er alene formand &amp; kasserer tegningdsberettiget.<\/p>\n<p>Regnskab skal afl\u00e6gges for midler, der modtages ifb.m\/ans\u00f8gning til lokale tiltag.<\/p>\n<p>\u00a7 5 Bestyrelse: Stege Lokalforums bestyrelse best\u00e5r af 5-7 medlemmer og 2 suppleanter, der v\u00e6lges p\u00e5 den \u00e5rlige generalforsamling, som afholdes i 1. kvartal. Generalforsamlingen er h\u00f8jeste myndighed.<\/p>\n<p>Bestyrelsen v\u00e6lges for 2 \u00e5r. 3 medlemmer er p\u00e5 valg i lige \u00e5r, resten i ulige \u00e5r.<\/p>\n<p>Bestyrelsen konstituerer sig med formand, sekret\u00e6r og kasserer p\u00e5 f\u00f8rstkommende bestyrelsesm\u00f8de efter generalforsamlingen.<\/p>\n<p>Bestyrelsen kan efter behov supplere sig selv med flere medlemmer.<\/p>\n<p>Indkaldelse til generalforsamlingen annonceres p\u00e5 foreningens hjemmeside og facebookgruppe, senest 21 dage f\u00f8r generalforsamlingen, og forslag som \u00f8nskes behandlet, - herunder vedt\u00e6gts\u00e6ndringer, skal v\u00e6re formanden i h\u00e6nde senest 8 dage f\u00f8r.<\/p>\n<p>Alle, der har stemmeret ved kommunevalget og har bop\u00e6l i omr\u00e5det p\u00e5 valgdagen, er valgbare.<\/p>\n<p>\u00a7 6 Generalforsamling: Stemmeafgivning kr\u00e6ver personligt fremm\u00f8de.<\/p>\n<p>Alle, der er fyldt 16 \u00e5r og har bop\u00e6l i omr\u00e5det p\u00e5 valgdagen, har stemmeret.<\/p>\n<p>Dagsorden til generalforsamling skal som minimum indeholde:<\/p>\n<p>&nbsp;<\/p>\n<p>1. Valg af dirigent, stemmet\u00e6llere &amp; referent<\/p>\n<p>2. Formandens redeg\u00f8relse for aktiviteter i den forl\u00f8bne periode<\/p>\n<p>3. Kassererens freml\u00e6ggelse af regnskab til godkendelse<\/p>\n<p>4. Indkomne forslag behandles<\/p>\n<p>5. Valg af bestyrelsesmedlemmer og suppleanter<\/p>\n<p>7. Evt.<\/p>\n<p>&nbsp;<\/p>\n<p>\u00a7 7 Arbejdsgrupper: Stege Lokalforum kan med bestyrelsen som koordinator, neds\u00e6tte og nedl\u00e6gge arbejdsgrupper efter behov.<\/p>\n<p>\u00a7 8 M\u00f8der: Stege Lokalforums bestyrelse kan afholde borgerm\u00f8der efter behov. Bestyrelsen indkalder til udviklingsm\u00f8der minimum 2 x \u00e5rligt. Et af m\u00f8derne kan v\u00e6re i forbindelse med den \u00e5rlige generalforsamling i 1. kvartal.<\/p>\n<p>\u00a7 9 Lokalforummets vedt\u00e6gter kan kun \u00e6ndres p\u00e5 en generalforsamling, hvor dagsordenspunktet er meddelt ved en offentlig indkaldelse med mindst 14 dages varsel, og dersom to tredjedele af de fremm\u00f8dte stemmer for \u00e6ndringsforslaget. \u00c6ndringer i vedt\u00e6gten skal godkendes af Vordingborg Kommune, s\u00e5fremt lokalforummet modtager tilskud fra Vordingborg Kommune.<\/p>\n<p>\u00a7 10 Opl\u00f8sning: Opl\u00f8sning af Stege lokalforum kan kun besluttes p\u00e5 to p\u00e5 hinanden f\u00f8lgende generalforsamlinger, hvoraf den ene er ekstraordin\u00e6r.<\/p>\n<p>Dagsordenspunktet skal meddeles ved en offentlig indkaldelse med mindst 14 dages varsel.<\/p>\n<p>Ved opl\u00f8sning tilbagef\u00f8res kommunale midler til Vordingborg Kommune, mens eventuel resterende kassebeholdning uddeles til almennyttige form\u00e5l i lokalomr\u00e5det, efter beslutning p\u00e5 generalforsamlingen.<\/p>\n<p>NB. Datasikkerhed: Implementering af datasikkerhed fremg\u00e5r af vores hjemmeside under GPDR.<\/p>\n<p>S\u00e5ledes vedtaget p\u00e5 Stege Lokalforums stiftende generalforsamling den 5. februar 2020.<\/p>\n<p>Redigeret p\u00e5 generalforsamling 22. februar 2024 og 20. marts 2025.<\/p>\n<p>&nbsp;<\/p>\n<p>____________________________________________________________________________<\/p>\n<p>Opdatering af vedt\u00e6gter for Stege Lokalforum i forbindelse med Generalforsamling 22.02.2024<\/p>\n<p>Udgave 02 - erstatter udgave 01 fra den 05.02.2020<\/p>\n<p><strong>Vedt\u00e6gter for Stege Lokalforum<\/strong><br \/>\n\u00a7 1 Navn: Stege Lokalforum<br \/>\n\u00a7 2 Form\u00e5l: Stege Lokalforum er et lokalforum under Vordingborg Kommunes<br \/>\nN\u00e6rdemokratimodel og har derfor til form\u00e5l at virke for at samle omr\u00e5dets erhvervsdrivende, foreninger og frivillige om omr\u00e5dets<br \/>\nudvikling, og for at g\u00f8re det til et attraktivt sted at bo og leve. Form\u00e5let er endvidere at skabe det bedst mulige samarbejde og<br \/>\ndialog med erhvervslivet, politikere og administrationen i Vordingborg Kommune om omr\u00e5dets udvikling.<br \/>\n\u00a7 3 Medlemmer: Stege Lokalforums medlemmer er alle borgere som er bosat i, eller har en s\u00e6rlig relation til omr\u00e5det.<br \/>\n\u00a7 4 \u00d8konomi: Stege Lokalforums aktiviteter finansieres af Vordingborg Kommune gennem et \u00e5rligt tilskud. Dette bel\u00f8b skal der<br \/>\nikke afl\u00e6gges regnskab for. I forhold til bank og myndigheder er alene formand &amp; kasserer tegningdsberettiget.<br \/>\nRegnskab skal afl\u00e6gges for midler, der modtages ifb.m\/ans\u00f8gning til lokale tiltag.<br \/>\n\u00a7 5 Bestyrelse: Stege Lokalforums bestyrelse best\u00e5r af 5-7 medlemmer og 2 suppleanter, der v\u00e6lges p\u00e5 den \u00e5rlige<br \/>\ngeneralforsamling, som afholdes i 1. kvartal. Generalforsamlingen er h\u00f8jeste myndighed.<br \/>\nBestyrelsen v\u00e6lges for 2 \u00e5r. 3 medlemmer er p\u00e5 valg i lige \u00e5r, resten i ulige \u00e5r.<br \/>\nBestyrelsen konstituerer sig med formand, sekret\u00e6r og kasserer p\u00e5 f\u00f8rstkommende bestyrelsesm\u00f8de efter generalforsamlingen.<br \/>\nIndkaldelse til generalforsamlingen annonceres p\u00e5 foreningens hjemmeside og facebookgruppe, senest 21 dage f\u00f8r<br \/>\ngeneralforsamlingen, og forslag som \u00f8nskes behandlet, - herunder vedt\u00e6gts\u00e6ndringer, skal v\u00e6re formanden i h\u00e6nde senest 8<br \/>\ndage f\u00f8r.<br \/>\nAlle, der har stemmeret ved kommunevalget og har bop\u00e6l i omr\u00e5det p\u00e5 valgdagen, er valgbare.<br \/>\n\u00a7 6 Generalforsamling: Stemmeafgivning kr\u00e6ver personligt fremm\u00f8de.<br \/>\nAlle, der er fyldt 16 \u00e5r og har bop\u00e6l i omr\u00e5det p\u00e5 valgdagen, har stemmeret.<br \/>\nDagsorden til generalforsamling skal som minimum indeholde:<br \/>\n1. Valg af dirigent, stemmet\u00e6llere &amp; referent<br \/>\n2. Formandens redeg\u00f8relse for aktiviteter i den forl\u00f8bne periode<br \/>\n3. Kassererens freml\u00e6ggelse af regnskab til godkendelse<br \/>\n4. Indkomne forslag behandles<br \/>\n5. Valg af bestyrelsesmedlemmer og suppleanter<br \/>\n7. Evt.<br \/>\n\u00a7 7 Regnskabs\u00e5ret: f\u00f8lger kalender\u00e5ret. Regnskab gennemg\u00e5s af den valgte revisor, og det godkendte regnskab indsendes til<br \/>\nVordingborg Kommunes N\u00e6rdemokratikoordinator inden generalforsamlingen, som dokumentation for foreg\u00e5ende \u00e5rs brug af<br \/>\ntilskud.<br \/>\n\u00a7 8 Arbejdsgrupper: Stege Lokalforum kan med bestyrelsen som koordinator, neds\u00e6tte og nedl\u00e6gge arbejdsgrupper efter behov.<br \/>\n\u00a7 9 M\u00f8der: Stege Lokalforums bestyrelse kan afholde borgerm\u00f8der efter behov. Bestyrelsen indkalder til udviklingsm\u00f8der<br \/>\nminimum 2 x \u00e5rligt. Et af m\u00f8derne kan v\u00e6re i forbindelse med den \u00e5rlige generalforsamling i 1. kvartal.<br \/>\n\u00a7 10 Opl\u00f8sning: Opl\u00f8sning af Stege lokalforum kan kun besluttes p\u00e5 to p\u00e5 hinanden f\u00f8lgende generalforsamlinger, hvoraf den ene<br \/>\ner ekstraordin\u00e6r.<br \/>\nDagsordenspunktet skal meddeles ved en offentlig indkaldelse med mindst 14 dages varsel.<br \/>\nVed opl\u00f8sning tilbagef\u00f8res kommunale midler til Vordingborg Kommune, mens eventuel resterende kassebeholdning uddeles til<br \/>\nalmennyttige form\u00e5l i lokalomr\u00e5det, efter beslutning p\u00e5 generalforsamlingen.<br \/>\nNB. Datasikkerhed: Implementering af datasikkerhed fremg\u00e5r af vores hjemmeside under GPDR.<br \/>\nS\u00e5ledes vedtaget p\u00e5 Stege Lokalforums stiftende generalforsamling den 5. februar 2020.<br \/>\nRedigeret p\u00e5 generalforsamling 22. februar 2024.<\/p>\n<p>&nbsp;<\/p>\n<p>&nbsp;<\/p>\n<ol>\n<li>udgave (udg\u00e5et den 22.02.2024 og erstattes af udgave 2<\/li>\n<\/ol>\n<p><strong>\u00a7 1 Navn<\/strong>: Stege Lokalforum\u00a7<br \/>\n<strong>\u00a72 Form\u00e5l:<\/strong> Stege Lokalforum er et lokalforum under Vordingborg Kommunes<br \/>\nN\u00e6rdemokratimodel og har derfor til form\u00e5l at virke for at samle omr\u00e5dets erhvervsdrivende, foreninger og frivillige om omr\u00e5dets udvikling, og for at g\u00f8re det til et attraktivt sted at bo og leve. Form\u00e5let er endvidere at skabe det bedst mulige samarbejde og dialog med erhvervslivet, politikere og administrationen i Vordingborg Kommune om omr\u00e5dets udvikling.<br \/>\n<strong>\u00a7 3 Medlemmer<\/strong>: Stege Lokalforums medlemmer er alle borgere som er bosat i, eller har en s\u00e6rlig relation til omr\u00e5det.<br \/>\n<strong>\u00a7 4 \u00d8konomi<\/strong>: Stege Lokalforums aktiviteter finansieres af Vordingborg Kommune gennem et \u00e5rligt tilskud. Dette bel\u00f8b skal der ikke afl\u00e6gges regnskab for.<br \/>\nRegnskab skal afl\u00e6gges for midler, der modtages ifb.m\/ans\u00f8gning til lokale tiltag.<br \/>\n<strong>\u00a7 5 Bestyrelse<\/strong>: Stege Lokalforums bestyrelse best\u00e5r af 5-7 medlemmer og 2 suppleanter, der v\u00e6lges p\u00e5 den \u00e5rlige generalforsamling, som afholdes i 1. kvartal. Generalforsamlingen er h\u00f8jeste myndighed.<br \/>\nBestyrelsen v\u00e6lges for 2 \u00e5r. 3 medlemmer er p\u00e5 valg i lige \u00e5r, resten i ulige \u00e5r.<br \/>\nBestyrelsen konstituerer sig med formand, sekret\u00e6r og kasserer p\u00e5 f\u00f8rstkommende bestyrelsesm\u00f8de efter generalforsamlingen.<br \/>\nIndkaldelse til generalforsamlingen annonceres p\u00e5 foreningens hjemmeside og facebookgruppe, senest 21 dage f\u00f8r generalforsamlingen, og forslag som \u00f8nskes behandlet, - herunder vedt\u00e6gts\u00e6ndringer, skal v\u00e6re formanden i h\u00e6nde senest 8 dage f\u00f8r.<br \/>\nAlle, der har stemmeret ved kommunevalget og har bop\u00e6l i omr\u00e5det p\u00e5 valgdagen, er valgbare.<br \/>\n<strong>\u00a7 6 Generalforsamling<\/strong>: Stemmeafgivning kr\u00e6ver personligt fremm\u00f8de.<br \/>\nAlle, der er fyldt 16 \u00e5r og har bop\u00e6l i omr\u00e5det p\u00e5 valgdagen, har stemmeret.<\/p>\n<p><strong>Dagsorden<\/strong> til generalforsamling skal som minimum indeholde:<br \/>\n1. Valg af dirigent, stemmet\u00e6llere &amp; referent<br \/>\n2. Formandens redeg\u00f8relse for aktiviteter i den forl\u00f8bne periode<br \/>\n3. Kassererens freml\u00e6ggelse af regnskab til godkendelse<br \/>\n4. Indkomne forslag behandles<br \/>\n5. Valg af bestyrelsesmedlemmer og suppleanter<br \/>\n6. Valg af revisor og revisorsuppleant for 1 \u00e5r<br \/>\n7. Evt.<\/p>\n<p><strong>\u00a7 7 Regnskabs\u00e5ret<\/strong>: f\u00f8lger kalender\u00e5ret. Regnskab gennemg\u00e5s af den valgte revisor, og det godkendte regnskab indsendes til Vordingborg Kommunes N\u00e6rdemokratikoordinator inden generalforsamlingen, som dokumentation for foreg\u00e5ende \u00e5rs brug af tilskud.<br \/>\n<strong>\u00a7 8 Arbejdsgrupper<\/strong>: Stege Lokalforum kan med bestyrelsen som koordinator, neds\u00e6tte og nedl\u00e6gge arbejdsgrupper efter behov.<br \/>\n<strong>\u00a7 9 M\u00f8der<\/strong>: Stege Lokalforums bestyrelse kan afholde borgerm\u00f8der efter behov. Bestyrelsen indkalder til udviklingsm\u00f8der minimum 2 x \u00e5rligt. Et af m\u00f8derne kan v\u00e6re i forbindelse med den \u00e5rlige generalforsamling i 1. kvartal.<br \/>\n<strong>\u00a7 10 Opl\u00f8sning<\/strong>: Opl\u00f8sning af Stege lokalforum kan kun besluttes p\u00e5 to p\u00e5 hinanden f\u00f8lgende generalforsamlinger, hvoraf den ene er ekstraordin\u00e6r.<br \/>\nDagsordenspunktet skal meddeles ved en offentlig indkaldelse med mindst 14 dages varsel.<br \/>\nVed opl\u00f8sning tilbagef\u00f8res kommunale midler til Vordingborg Kommune, mens eventuel resterende kassebeholdning uddeles til almennyttige form\u00e5l i lokalomr\u00e5det, efter beslutning p\u00e5 generalforsamlingen.<\/p>\n<p>S\u00e5ledes vedtaget p\u00e5 Stege Lokalforums stiftende generalforsamling den_5. februar 2020__<\/p>\n<\/div>\n<\/div><\/div><\/div><\/div><\/div><p>Hits: 769<\/p>","protected":false},"excerpt":{"rendered":"<p>Vedt\u00e6gter for Stege Lokalforum Udgave 03 &#8211; opdateret den 20.03.2025 \u00a7 1 Navn: Stege Lokalforum \u00a7 2 Form\u00e5l: Stege Lokalforum er et lokalforum under Vordingborg Kommunes N\u00e6rdemokratimodel og har derfor til form\u00e5l at virke for at samle omr\u00e5dets erhvervsdrivende, foreninger og frivillige om omr\u00e5dets udvikling, og for at g\u00f8re det til et attraktivt sted at&hellip; <br \/> <a class=\"button small blue\" href=\"https:\/\/www.stegelokalforum.dk\/index.php\/stege-lokalforum\/vedtaegter\/\">L\u00e6s mere<\/a><\/p>\n<div class=\"pvc_clear\"><\/div>\n<p id=\"pvc_stats_226\" class=\"pvc_stats all  \" data-element-id=\"226\" style=\"\"><i class=\"pvc-stats-icon medium\" aria-hidden=\"true\"><svg aria-hidden=\"true\" focusable=\"false\" data-prefix=\"far\" data-icon=\"chart-bar\" role=\"img\" xmlns=\"http:\/\/www.w3.org\/2000\/svg\" viewBox=\"0 0 512 512\" class=\"svg-inline--fa fa-chart-bar fa-w-16 fa-2x\"><path fill=\"currentColor\" d=\"M396.8 352h22.4c6.4 0 12.8-6.4 12.8-12.8V108.8c0-6.4-6.4-12.8-12.8-12.8h-22.4c-6.4 0-12.8 6.4-12.8 12.8v230.4c0 6.4 6.4 12.8 12.8 12.8zm-192 0h22.4c6.4 0 12.8-6.4 12.8-12.8V140.8c0-6.4-6.4-12.8-12.8-12.8h-22.4c-6.4 0-12.8 6.4-12.8 12.8v198.4c0 6.4 6.4 12.8 12.8 12.8zm96 0h22.4c6.4 0 12.8-6.4 12.8-12.8V204.8c0-6.4-6.4-12.8-12.8-12.8h-22.4c-6.4 0-12.8 6.4-12.8 12.8v134.4c0 6.4 6.4 12.8 12.8 12.8zM496 400H48V80c0-8.84-7.16-16-16-16H16C7.16 64 0 71.16 0 80v336c0 17.67 14.33 32 32 32h464c8.84 0 16-7.16 16-16v-16c0-8.84-7.16-16-16-16zm-387.2-48h22.4c6.4 0 12.8-6.4 12.8-12.8v-70.4c0-6.4-6.4-12.8-12.8-12.8h-22.4c-6.4 0-12.8 6.4-12.8 12.8v70.4c0 6.4 6.4 12.8 12.8 12.8z\" class=\"\"><\/path><\/svg><\/i> <img loading=\"lazy\" decoding=\"async\" width=\"16\" height=\"16\" alt=\"Loading\" src=\"https:\/\/www.stegelokalforum.dk\/wp-content\/plugins\/page-views-count\/ajax-loader-2x.gif\" border=0 \/><\/p>\n<div class=\"pvc_clear\"><\/div>\n","protected":false},"author":2,"featured_media":0,"parent":13,"menu_order":1,"comment_status":"closed","ping_status":"closed","template":"","meta":{"footnotes":""},"_links":{"self":[{"href":"https:\/\/www.stegelokalforum.dk\/index.php\/wp-json\/wp\/v2\/pages\/226"}],"collection":[{"href":"https:\/\/www.stegelokalforum.dk\/index.php\/wp-json\/wp\/v2\/pages"}],"about":[{"href":"https:\/\/www.stegelokalforum.dk\/index.php\/wp-json\/wp\/v2\/types\/page"}],"author":[{"embeddable":true,"href":"https:\/\/www.stegelokalforum.dk\/index.php\/wp-json\/wp\/v2\/users\/2"}],"replies":[{"embeddable":true,"href":"https:\/\/www.stegelokalforum.dk\/index.php\/wp-json\/wp\/v2\/comments?post=226"}],"version-history":[{"count":8,"href":"https:\/\/www.stegelokalforum.dk\/index.php\/wp-json\/wp\/v2\/pages\/226\/revisions"}],"predecessor-version":[{"id":1456,"href":"https:\/\/www.stegelokalforum.dk\/index.php\/wp-json\/wp\/v2\/pages\/226\/revisions\/1456"}],"up":[{"embeddable":true,"href":"https:\/\/www.stegelokalforum.dk\/index.php\/wp-json\/wp\/v2\/pages\/13"}],"wp:attachment":[{"href":"https:\/\/www.stegelokalforum.dk\/index.php\/wp-json\/wp\/v2\/media?parent=226"}],"curies":[{"name":"wp","href":"https:\/\/api.w.org\/{rel}","templated":true}]}}