{"id":172,"date":"2021-01-14T18:47:33","date_gmt":"2021-01-14T18:47:33","guid":{"rendered":"http:\/\/www.stegelokalforum.dk\/?page_id=172"},"modified":"2023-11-12T17:22:02","modified_gmt":"2023-11-12T17:22:02","slug":"renovering-af-moelleporten","status":"publish","type":"page","link":"https:\/\/www.stegelokalforum.dk\/index.php\/projekter\/andre-projekter\/renovering-af-moelleporten\/","title":{"rendered":"Renovering af M\u00f8lleporten"},"content":{"rendered":"<div id=\"pl-172\"  class=\"panel-layout\" ><div id=\"pg-172-0\"  class=\"panel-grid panel-no-style\" ><div id=\"pgc-172-0-0\"  class=\"panel-grid-cell\" ><div id=\"panel-172-0-0-0\" class=\"so-panel widget widget_sow-editor panel-first-child panel-last-child\" data-index=\"0\" ><div\n\t\t\t\n\t\t\tclass=\"so-widget-sow-editor so-widget-sow-editor-base\"\n\t\t\t\n\t\t><h3 class=\"widget-title\">M\u00f8lleporten er f\u00e6rdig restaureret og fejres med Brol\u00e6ggerprisen 2023<\/h3>\n<div class=\"siteorigin-widget-tinymce textwidget\">\n\t<header class=\"article__header\">\n<h1 class=\"heading--article\">M\u00d8LLEPORTEN FEJRES MED BROL\u00c6GGERPRISEN 2023<\/h1>\n<p class=\"heading--article-sub\">MANDAG 13. NOV. KL. 12 OVERR\u00c6KKES PRISEN TIL BORGMESTER MIKAEL SMED I STEGE.<\/p>\n<p><time>10-11-2023<\/time><\/p>\n<\/header>\n<p><img loading=\"lazy\" decoding=\"async\" src=\"https:\/\/www.vordingborg.dk\/media\/s1ahthil\/moelleporten-i-stege-renoveret.jpg?anchor=center&amp;mode=crop&amp;width=640&amp;height=240&amp;rnd=133439963957770000\" alt=\"\" width=\"640\" height=\"200\" \/><\/p>\n<p>Det er Brol\u00e6ggerlauget der i \u00e5r har valgt projektet ved M\u00f8lleporten som det smukkeste brol\u00e6gningsarbejde i Danmark. Og det skal selvf\u00f8lgelig fejres! S\u00e5 kig forbi M\u00f8lleporten i Stege p\u00e5 mandag, hvor prisen overr\u00e6kkes.<\/p>\n<p>1.200 kvadratmeter bel\u00e6gning rundt omkring den restaurerede M\u00f8lleport i Stege er blevet fornyet og bidrager dermed til at fremh\u00e6ve Steges vigtige kulturarv. Til projektet er der lagt cirka 79.000 sten i alt alene med h\u00e5ndkraft. Cirka 21.000 brosten, 49.000 chaussesten og 9.000 pigsten.<\/p>\n<p>Projektet har v\u00e6ret st\u00f8ttet af Realdania og A. P. M\u00f8ller Fonden. Udf\u00f8relsen af det fine brol\u00e6ggerarbejde er lavet af Dansk Kvalitets Brol\u00e6gning fra Stensved. Herudover har f\u00f8lgende firmaer bidraget: Arkitektfirmaet Lykke &amp; Nielsen, Entrepren\u00f8rfirmaet Bo Rasmussens Eftf. og R\u00e5dgivningsfirmaet Niras.<\/p>\n<p>&nbsp;<\/p>\n<p>2021 Det f\u00f8lger vi op p\u00e5<\/p>\n<p>Til et s\u00e5 stort projekt, som har k\u00e6mpe betydning for alle i vores by, mener vi, de<strong>r b\u00f8r der v\u00e6re en h\u00f8ring,<\/strong> hvor befolkningen kan komme med forslag og \u00f8nsker til udf\u00f8relsen af renoveringen.<br \/>\nHar vi som borgere mulighed for at have indflydelse p\u00e5 eller komme med indsigelser til den m\u00e5de, man planl\u00e6gger at M\u00f8lleporten og omgivelser skal renoveres p\u00e5?<br \/>\nAnl\u00e6gsingeni\u00f8r Knud Steen J\u00f8rgensen siger i den sammenh\u00e6ng:<br \/>\n- Renoveringen af bygningen M\u00f8lleporten har Vordingborg Kommune ikke den store indflydelse p\u00e5, da det er en fredet bygning, og det er flere styrelser, som bestemmer hvad der m\u00e5 g\u00f8res og hvordan.<br \/>\n- I \u00f8jeblikket er Slots- og Kulturstyrelsen ved at unders\u00f8ge alt murv\u00e6rket.<br \/>\n--De arbejder p\u00e5 en rapport om hvilke sten, der skal renoveres og hvilke, der eventuelt skal skiftes. Hvis der er sten, som skal skiftes, skal styrelsen godkende, hvor de skal hentes fra.<br \/>\nHvad ang\u00e5r arealerne rundt om M\u00f8lleporten er de f\u00f8rst nu ved at blive projekteret. Jeg kan oplyse, at hele arealet skal s\u00e6nkes og der bliver ikke et niveauspring med en betonmur, hvilket betyder, at k\u00f8rebanen, cykelsti og fortov s\u00e6nkes i forhold til nuv\u00e6rende niveau for at undg\u00e5 fugtskader i murv\u00e6rket p\u00e5 M\u00f8lleporten. Der bliver arbejdet med brug af granitmaterialer, s\u00e5 arealet kommer til at ligne de tre andre torve i byen.<br \/>\nDet er dog ikke afklaret, om der skal bruges brosten eller chaussesten p\u00e5 k\u00f8rebanen. De tre andre torve har chaussestensbel\u00e6gning.<br \/>\nFlere detaljer f\u00f8lger n\u00e5r de er klar.<\/p>\n<\/div>\n<\/div><\/div><\/div><\/div><\/div><p>Hits: 743<\/p>","protected":false},"excerpt":{"rendered":"<p>M\u00d8LLEPORTEN FEJRES MED BROL\u00c6GGERPRISEN 2023 MANDAG 13. NOV. KL. 12 OVERR\u00c6KKES PRISEN TIL BORGMESTER MIKAEL SMED I STEGE. 10-11-2023 Det er Brol\u00e6ggerlauget der i \u00e5r har valgt projektet ved M\u00f8lleporten som det smukkeste brol\u00e6gningsarbejde i Danmark. Og det skal selvf\u00f8lgelig fejres! S\u00e5 kig forbi M\u00f8lleporten i Stege p\u00e5 mandag, hvor prisen overr\u00e6kkes. 1.200 kvadratmeter bel\u00e6gning&hellip; <br \/> <a class=\"button small blue\" href=\"https:\/\/www.stegelokalforum.dk\/index.php\/projekter\/andre-projekter\/renovering-af-moelleporten\/\">L\u00e6s mere<\/a><\/p>\n<div class=\"pvc_clear\"><\/div>\n<p id=\"pvc_stats_172\" class=\"pvc_stats all  \" data-element-id=\"172\" style=\"\"><i class=\"pvc-stats-icon medium\" aria-hidden=\"true\"><svg aria-hidden=\"true\" focusable=\"false\" data-prefix=\"far\" data-icon=\"chart-bar\" role=\"img\" xmlns=\"http:\/\/www.w3.org\/2000\/svg\" viewBox=\"0 0 512 512\" class=\"svg-inline--fa fa-chart-bar fa-w-16 fa-2x\"><path fill=\"currentColor\" d=\"M396.8 352h22.4c6.4 0 12.8-6.4 12.8-12.8V108.8c0-6.4-6.4-12.8-12.8-12.8h-22.4c-6.4 0-12.8 6.4-12.8 12.8v230.4c0 6.4 6.4 12.8 12.8 12.8zm-192 0h22.4c6.4 0 12.8-6.4 12.8-12.8V140.8c0-6.4-6.4-12.8-12.8-12.8h-22.4c-6.4 0-12.8 6.4-12.8 12.8v198.4c0 6.4 6.4 12.8 12.8 12.8zm96 0h22.4c6.4 0 12.8-6.4 12.8-12.8V204.8c0-6.4-6.4-12.8-12.8-12.8h-22.4c-6.4 0-12.8 6.4-12.8 12.8v134.4c0 6.4 6.4 12.8 12.8 12.8zM496 400H48V80c0-8.84-7.16-16-16-16H16C7.16 64 0 71.16 0 80v336c0 17.67 14.33 32 32 32h464c8.84 0 16-7.16 16-16v-16c0-8.84-7.16-16-16-16zm-387.2-48h22.4c6.4 0 12.8-6.4 12.8-12.8v-70.4c0-6.4-6.4-12.8-12.8-12.8h-22.4c-6.4 0-12.8 6.4-12.8 12.8v70.4c0 6.4 6.4 12.8 12.8 12.8z\" class=\"\"><\/path><\/svg><\/i> <img loading=\"lazy\" decoding=\"async\" width=\"16\" height=\"16\" alt=\"Loading\" src=\"https:\/\/www.stegelokalforum.dk\/wp-content\/plugins\/page-views-count\/ajax-loader-2x.gif\" border=0 \/><\/p>\n<div class=\"pvc_clear\"><\/div>\n","protected":false},"author":2,"featured_media":0,"parent":159,"menu_order":4,"comment_status":"closed","ping_status":"closed","template":"","meta":{"footnotes":""},"_links":{"self":[{"href":"https:\/\/www.stegelokalforum.dk\/index.php\/wp-json\/wp\/v2\/pages\/172"}],"collection":[{"href":"https:\/\/www.stegelokalforum.dk\/index.php\/wp-json\/wp\/v2\/pages"}],"about":[{"href":"https:\/\/www.stegelokalforum.dk\/index.php\/wp-json\/wp\/v2\/types\/page"}],"author":[{"embeddable":true,"href":"https:\/\/www.stegelokalforum.dk\/index.php\/wp-json\/wp\/v2\/users\/2"}],"replies":[{"embeddable":true,"href":"https:\/\/www.stegelokalforum.dk\/index.php\/wp-json\/wp\/v2\/comments?post=172"}],"version-history":[{"count":4,"href":"https:\/\/www.stegelokalforum.dk\/index.php\/wp-json\/wp\/v2\/pages\/172\/revisions"}],"predecessor-version":[{"id":1167,"href":"https:\/\/www.stegelokalforum.dk\/index.php\/wp-json\/wp\/v2\/pages\/172\/revisions\/1167"}],"up":[{"embeddable":true,"href":"https:\/\/www.stegelokalforum.dk\/index.php\/wp-json\/wp\/v2\/pages\/159"}],"wp:attachment":[{"href":"https:\/\/www.stegelokalforum.dk\/index.php\/wp-json\/wp\/v2\/media?parent=172"}],"curies":[{"name":"wp","href":"https:\/\/api.w.org\/{rel}","templated":true}]}}