{"id":164,"date":"2021-01-14T18:41:42","date_gmt":"2021-01-14T18:41:42","guid":{"rendered":"http:\/\/www.stegelokalforum.dk\/?page_id=164"},"modified":"2021-01-15T05:44:53","modified_gmt":"2021-01-15T05:44:53","slug":"lendemark-hovedgade","status":"publish","type":"page","link":"https:\/\/www.stegelokalforum.dk\/index.php\/projekter\/andre-projekter\/lendemark-hovedgade\/","title":{"rendered":"Lendemark Hovedgade"},"content":{"rendered":"<div id=\"pl-164\"  class=\"panel-layout\" ><div id=\"pg-164-0\"  class=\"panel-grid panel-no-style\" ><div id=\"pgc-164-0-0\"  class=\"panel-grid-cell\" ><div id=\"panel-164-0-0-0\" class=\"so-panel widget widget_sow-editor panel-first-child panel-last-child\" data-index=\"0\" ><div\n\t\t\t\n\t\t\tclass=\"so-widget-sow-editor so-widget-sow-editor-base\"\n\t\t\t\n\t\t><h3 class=\"widget-title\">Det f\u00f8lger vi op p\u00e5<\/h3>\n<div class=\"siteorigin-widget-tinymce textwidget\">\n\t<p><strong>V\u00e6sentlige sp\u00f8rgsm\u00e5l<\/strong><\/p>\n<p>1. Hvor er vi henne i processen?<br \/>\n2. Hvad sker der og<br \/>\n3. hvorn\u00e5r sker det?<\/p>\n<p><strong>STATUS ULTIMO 2020:<\/strong><br \/>\nLandskabsarkitekt Trine Vig Lauritsen oplyser,<br \/>\n- at anl\u00e6gsarbejdet omfatter etablering af syv vejbede\/vejchikaner med blomster og fire tr\u00e6er i den \u00f8stlige side, samt<br \/>\n- fortovsrenovering i begge sider af gaden.<br \/>\n- hele Lendemark Hovedgade og en del af sidevejene vil blive \u00e6ndret til en 40 km zone. En skilteplan afventer politiets endelige godkendelse.<br \/>\nAnl\u00e6gsarbejdet udf\u00f8res indenfor budget, og en kontrakt med entrepren\u00f8r er p\u00e5 trapperne.<br \/>\nSamtidig med anl\u00e6gsarbejdet vil der blive udf\u00f8rt n\u00f8dvendige ledningsarbejder i gaden.<br \/>\nDen forventede anl\u00e6gsperiode er fra januar til og med maj 2021.<\/p>\n<p>&nbsp;<\/p>\n<\/div>\n<\/div><\/div><\/div><\/div><\/div><p>Hits: 653<\/p>","protected":false},"excerpt":{"rendered":"<p>V\u00e6sentlige sp\u00f8rgsm\u00e5l 1. Hvor er vi henne i processen? 2. Hvad sker der og 3. hvorn\u00e5r sker det? STATUS ULTIMO 2020: Landskabsarkitekt Trine Vig Lauritsen oplyser, &#8211; at anl\u00e6gsarbejdet omfatter etablering af syv vejbede\/vejchikaner med blomster og fire tr\u00e6er i den \u00f8stlige side, samt &#8211; fortovsrenovering i begge sider af gaden. &#8211; hele Lendemark Hovedgade&hellip; <br \/> <a class=\"button small blue\" href=\"https:\/\/www.stegelokalforum.dk\/index.php\/projekter\/andre-projekter\/lendemark-hovedgade\/\">L\u00e6s mere<\/a><\/p>\n<div class=\"pvc_clear\"><\/div>\n<p id=\"pvc_stats_164\" class=\"pvc_stats all  \" data-element-id=\"164\" style=\"\"><i class=\"pvc-stats-icon medium\" aria-hidden=\"true\"><svg aria-hidden=\"true\" focusable=\"false\" data-prefix=\"far\" data-icon=\"chart-bar\" role=\"img\" xmlns=\"http:\/\/www.w3.org\/2000\/svg\" viewBox=\"0 0 512 512\" class=\"svg-inline--fa fa-chart-bar fa-w-16 fa-2x\"><path fill=\"currentColor\" d=\"M396.8 352h22.4c6.4 0 12.8-6.4 12.8-12.8V108.8c0-6.4-6.4-12.8-12.8-12.8h-22.4c-6.4 0-12.8 6.4-12.8 12.8v230.4c0 6.4 6.4 12.8 12.8 12.8zm-192 0h22.4c6.4 0 12.8-6.4 12.8-12.8V140.8c0-6.4-6.4-12.8-12.8-12.8h-22.4c-6.4 0-12.8 6.4-12.8 12.8v198.4c0 6.4 6.4 12.8 12.8 12.8zm96 0h22.4c6.4 0 12.8-6.4 12.8-12.8V204.8c0-6.4-6.4-12.8-12.8-12.8h-22.4c-6.4 0-12.8 6.4-12.8 12.8v134.4c0 6.4 6.4 12.8 12.8 12.8zM496 400H48V80c0-8.84-7.16-16-16-16H16C7.16 64 0 71.16 0 80v336c0 17.67 14.33 32 32 32h464c8.84 0 16-7.16 16-16v-16c0-8.84-7.16-16-16-16zm-387.2-48h22.4c6.4 0 12.8-6.4 12.8-12.8v-70.4c0-6.4-6.4-12.8-12.8-12.8h-22.4c-6.4 0-12.8 6.4-12.8 12.8v70.4c0 6.4 6.4 12.8 12.8 12.8z\" class=\"\"><\/path><\/svg><\/i> <img loading=\"lazy\" decoding=\"async\" width=\"16\" height=\"16\" alt=\"Loading\" src=\"https:\/\/www.stegelokalforum.dk\/wp-content\/plugins\/page-views-count\/ajax-loader-2x.gif\" border=0 \/><\/p>\n<div class=\"pvc_clear\"><\/div>\n","protected":false},"author":2,"featured_media":0,"parent":159,"menu_order":1,"comment_status":"closed","ping_status":"closed","template":"","meta":{"footnotes":""},"_links":{"self":[{"href":"https:\/\/www.stegelokalforum.dk\/index.php\/wp-json\/wp\/v2\/pages\/164"}],"collection":[{"href":"https:\/\/www.stegelokalforum.dk\/index.php\/wp-json\/wp\/v2\/pages"}],"about":[{"href":"https:\/\/www.stegelokalforum.dk\/index.php\/wp-json\/wp\/v2\/types\/page"}],"author":[{"embeddable":true,"href":"https:\/\/www.stegelokalforum.dk\/index.php\/wp-json\/wp\/v2\/users\/2"}],"replies":[{"embeddable":true,"href":"https:\/\/www.stegelokalforum.dk\/index.php\/wp-json\/wp\/v2\/comments?post=164"}],"version-history":[{"count":6,"href":"https:\/\/www.stegelokalforum.dk\/index.php\/wp-json\/wp\/v2\/pages\/164\/revisions"}],"predecessor-version":[{"id":185,"href":"https:\/\/www.stegelokalforum.dk\/index.php\/wp-json\/wp\/v2\/pages\/164\/revisions\/185"}],"up":[{"embeddable":true,"href":"https:\/\/www.stegelokalforum.dk\/index.php\/wp-json\/wp\/v2\/pages\/159"}],"wp:attachment":[{"href":"https:\/\/www.stegelokalforum.dk\/index.php\/wp-json\/wp\/v2\/media?parent=164"}],"curies":[{"name":"wp","href":"https:\/\/api.w.org\/{rel}","templated":true}]}}