{"id":1388,"date":"2025-01-26T12:06:57","date_gmt":"2025-01-26T12:06:57","guid":{"rendered":"https:\/\/www.stegelokalforum.dk\/?page_id=1388"},"modified":"2025-02-11T18:11:16","modified_gmt":"2025-02-11T18:11:16","slug":"2024-2","status":"publish","type":"page","link":"https:\/\/www.stegelokalforum.dk\/index.php\/2024-2\/","title":{"rendered":"Stege Lokalforum"},"content":{"rendered":"<p style=\"text-align: left;\">Vi har i januar 2025 arbejdet p\u00e5 at finde ud af, om vi som lokalforum overhovedet har en berettigelse og et form\u00e5l i vores lille samfund. Hvad vil vi kendes p\u00e5, og hvad er Stege Lokalforums mission.<\/p>\n<p><strong>I f\u00f8rste omgang har vi defineret:<\/strong><\/p>\n<p style=\"text-align: left;\"><strong>\u00a0Stege Lokalforums mission:<\/strong> Vi vil, sammen med Steges foreninger facilitere, at byen er en interessant og sp\u00e6ndende k\u00f8bstad, vi vil facilitere nye, b\u00e6redygtige initiativer omkring os.<\/p>\n<p style=\"text-align: left;\"><strong>\u00a0Stege Lokalforums vision:<\/strong> Vi vil v\u00e6re et synligt bindeled mellem borgere og kommune. Vi vil afholde \u00e5rlige, relevante borgerm\u00f8der.<\/p>\n<p style=\"text-align: left;\"><strong>\u00a0Stege Lokalforums m\u00e5l \/ delm\u00e5l:<\/strong> At v\u00e6re en v\u00e6sentlig medspiller i udviklingen af vores\u00a0 omr\u00e5de.<\/p>\n<div class=\"pvc_clear\"><\/div>\n<p id=\"pvc_stats_1388\" class=\"pvc_stats all  \" data-element-id=\"1388\" style=\"\"><i class=\"pvc-stats-icon medium\" aria-hidden=\"true\"><svg aria-hidden=\"true\" focusable=\"false\" data-prefix=\"far\" data-icon=\"chart-bar\" role=\"img\" xmlns=\"http:\/\/www.w3.org\/2000\/svg\" viewBox=\"0 0 512 512\" class=\"svg-inline--fa fa-chart-bar fa-w-16 fa-2x\"><path fill=\"currentColor\" d=\"M396.8 352h22.4c6.4 0 12.8-6.4 12.8-12.8V108.8c0-6.4-6.4-12.8-12.8-12.8h-22.4c-6.4 0-12.8 6.4-12.8 12.8v230.4c0 6.4 6.4 12.8 12.8 12.8zm-192 0h22.4c6.4 0 12.8-6.4 12.8-12.8V140.8c0-6.4-6.4-12.8-12.8-12.8h-22.4c-6.4 0-12.8 6.4-12.8 12.8v198.4c0 6.4 6.4 12.8 12.8 12.8zm96 0h22.4c6.4 0 12.8-6.4 12.8-12.8V204.8c0-6.4-6.4-12.8-12.8-12.8h-22.4c-6.4 0-12.8 6.4-12.8 12.8v134.4c0 6.4 6.4 12.8 12.8 12.8zM496 400H48V80c0-8.84-7.16-16-16-16H16C7.16 64 0 71.16 0 80v336c0 17.67 14.33 32 32 32h464c8.84 0 16-7.16 16-16v-16c0-8.84-7.16-16-16-16zm-387.2-48h22.4c6.4 0 12.8-6.4 12.8-12.8v-70.4c0-6.4-6.4-12.8-12.8-12.8h-22.4c-6.4 0-12.8 6.4-12.8 12.8v70.4c0 6.4 6.4 12.8 12.8 12.8z\" class=\"\"><\/path><\/svg><\/i> <img loading=\"lazy\" decoding=\"async\" width=\"16\" height=\"16\" alt=\"Loading\" src=\"https:\/\/www.stegelokalforum.dk\/wp-content\/plugins\/page-views-count\/ajax-loader-2x.gif\" border=0 \/><\/p>\n<div class=\"pvc_clear\"><\/div>\n<p>Hits: 642<\/p>","protected":false},"excerpt":{"rendered":"<p>Vi har i januar 2025 arbejdet p\u00e5 at finde ud af, om vi som lokalforum overhovedet har en berettigelse og et form\u00e5l i vores lille samfund. Hvad vil vi kendes p\u00e5, og hvad er Stege Lokalforums mission. I f\u00f8rste omgang har vi defineret: \u00a0Stege Lokalforums mission: Vi vil, sammen med Steges foreninger facilitere, at byen&hellip; <br \/> <a class=\"button small blue\" href=\"https:\/\/www.stegelokalforum.dk\/index.php\/2024-2\/\">L\u00e6s mere<\/a><\/p>\n<div class=\"pvc_clear\"><\/div>\n<p id=\"pvc_stats_1388\" class=\"pvc_stats all  \" data-element-id=\"1388\" style=\"\"><i class=\"pvc-stats-icon medium\" aria-hidden=\"true\"><svg aria-hidden=\"true\" focusable=\"false\" data-prefix=\"far\" data-icon=\"chart-bar\" role=\"img\" xmlns=\"http:\/\/www.w3.org\/2000\/svg\" viewBox=\"0 0 512 512\" class=\"svg-inline--fa fa-chart-bar fa-w-16 fa-2x\"><path fill=\"currentColor\" d=\"M396.8 352h22.4c6.4 0 12.8-6.4 12.8-12.8V108.8c0-6.4-6.4-12.8-12.8-12.8h-22.4c-6.4 0-12.8 6.4-12.8 12.8v230.4c0 6.4 6.4 12.8 12.8 12.8zm-192 0h22.4c6.4 0 12.8-6.4 12.8-12.8V140.8c0-6.4-6.4-12.8-12.8-12.8h-22.4c-6.4 0-12.8 6.4-12.8 12.8v198.4c0 6.4 6.4 12.8 12.8 12.8zm96 0h22.4c6.4 0 12.8-6.4 12.8-12.8V204.8c0-6.4-6.4-12.8-12.8-12.8h-22.4c-6.4 0-12.8 6.4-12.8 12.8v134.4c0 6.4 6.4 12.8 12.8 12.8zM496 400H48V80c0-8.84-7.16-16-16-16H16C7.16 64 0 71.16 0 80v336c0 17.67 14.33 32 32 32h464c8.84 0 16-7.16 16-16v-16c0-8.84-7.16-16-16-16zm-387.2-48h22.4c6.4 0 12.8-6.4 12.8-12.8v-70.4c0-6.4-6.4-12.8-12.8-12.8h-22.4c-6.4 0-12.8 6.4-12.8 12.8v70.4c0 6.4 6.4 12.8 12.8 12.8z\" class=\"\"><\/path><\/svg><\/i> <img loading=\"lazy\" decoding=\"async\" width=\"16\" height=\"16\" alt=\"Loading\" src=\"https:\/\/www.stegelokalforum.dk\/wp-content\/plugins\/page-views-count\/ajax-loader-2x.gif\" border=0 \/><\/p>\n<div class=\"pvc_clear\"><\/div>\n","protected":false},"author":1,"featured_media":0,"parent":0,"menu_order":0,"comment_status":"closed","ping_status":"closed","template":"","meta":{"footnotes":""},"_links":{"self":[{"href":"https:\/\/www.stegelokalforum.dk\/index.php\/wp-json\/wp\/v2\/pages\/1388"}],"collection":[{"href":"https:\/\/www.stegelokalforum.dk\/index.php\/wp-json\/wp\/v2\/pages"}],"about":[{"href":"https:\/\/www.stegelokalforum.dk\/index.php\/wp-json\/wp\/v2\/types\/page"}],"author":[{"embeddable":true,"href":"https:\/\/www.stegelokalforum.dk\/index.php\/wp-json\/wp\/v2\/users\/1"}],"replies":[{"embeddable":true,"href":"https:\/\/www.stegelokalforum.dk\/index.php\/wp-json\/wp\/v2\/comments?post=1388"}],"version-history":[{"count":7,"href":"https:\/\/www.stegelokalforum.dk\/index.php\/wp-json\/wp\/v2\/pages\/1388\/revisions"}],"predecessor-version":[{"id":1402,"href":"https:\/\/www.stegelokalforum.dk\/index.php\/wp-json\/wp\/v2\/pages\/1388\/revisions\/1402"}],"wp:attachment":[{"href":"https:\/\/www.stegelokalforum.dk\/index.php\/wp-json\/wp\/v2\/media?parent=1388"}],"curies":[{"name":"wp","href":"https:\/\/api.w.org\/{rel}","templated":true}]}}