{"id":1160,"date":"2022-01-16T21:29:45","date_gmt":"2022-01-16T21:29:45","guid":{"rendered":"http:\/\/www.stegelokalforum.dk\/?page_id=1160"},"modified":"2022-01-16T21:45:04","modified_gmt":"2022-01-16T21:45:04","slug":"stege-voldanlaeg","status":"publish","type":"page","link":"https:\/\/www.stegelokalforum.dk\/index.php\/projekter\/andre-projekter\/stege-voldanlaeg\/","title":{"rendered":"Stege voldanl\u00e6g"},"content":{"rendered":"<p class=\"x_MsoNormal\" style=\"text-align: left;\">\u00a0Tak for borgerm\u00f8de, tirsdag d. 26. oktober 2021 i M\u00f8nshallen om Handlingsplan for Stege<\/p>\n<p class=\"x_MsoNormal\" style=\"text-align: left;\">\u00a0Vold.<\/p>\n<p class=\"x_MsoNormal\" style=\"text-align: left;\">\u00a0 \u00a0 Fra Stege Lokalforum vil vi gerne bidrage med f\u00f8lgende konkrete ideer:<\/p>\n<p class=\"x_MsoNormal\" style=\"text-align: left;\"><u>\u00a0Langelinje foran voldterr\u00e6nnet mod vest:<\/u><\/p>\n<p class=\"x_MsoNormal\" style=\"text-align: left;\">\u00a0 Asfaltvejen bel\u00e6gges med \u201drumlefelter\u201d f.eks i toppede brosten.<\/p>\n<p class=\"x_MsoNormal\" style=\"text-align: left;\">\u00a0 Lindetr\u00e6s\u201dalleen\u201d forts\u00e6ttes helt ud til vandkanten<\/p>\n<p class=\"x_MsoNormal\" style=\"text-align: left;\">\u00a0 Badebroen foran Residensen flyttes ud for enden af lindealeen v\/\u201dH\u00f8jvandsstenen\u201d<\/p>\n<p class=\"x_MsoNormal\" style=\"text-align: left;\">\u00a0 Der etableres et lille udkigs\/solnedgangs-hj\u00f8rne m\/borde og b\u00e6nke p\u00e5 gr\u00e6spl\u00e6nen<\/p>\n<p class=\"x_MsoNormal\" style=\"text-align: left;\">\u00a0Indgangen til voldterr\u00e6nnet markeres med en portal i naturmaterialer \u2013 f.eks. drivt\u00f8mmer\u00a0 \u00a0eller saltm\u00e6ttede stammer (fra havet), samt en informations-box, hvor der kan tages en\u00a0 \u00a0 \u00a0 \u00a0lillefolder, der fort\u00e6ller om den tur man skal ud p\u00e5.<\/p>\n<p class=\"x_MsoNormal\" style=\"text-align: left;\"><u>\u00a0Undervejs:<\/u><\/p>\n<p class=\"x_MsoNormal\" style=\"text-align: left;\">I stedet for at ny-etablere grus-stier, vil vi foresl\u00e5 at der klippes trampestier p\u00e5 de steder hvor der \u00f8nskes flere stier.<\/p>\n<p class=\"x_MsoNormal\" style=\"text-align: left;\">Volden indeholder et utal af historiske planter. Etabler\u00b4 et samarbejde med \u201dForeningen Historiske Planter p\u00e5 M\u00f8n\u201d &amp; Middelalderhaven, mhb. p\u00e5, at iv\u00e6rks\u00e6tte et biodiversitets-program, der tilgodeser alle de sp\u00e6ndende urter og lad store omr\u00e5der v\u00e6re til de vilde planter.<\/p>\n<p class=\"x_MsoNormal\" style=\"text-align: left;\">Afmonter dr\u00e6nings-systemet der ligger i bunden af volden, og lad det blive v\u00e5dt der hvor det naturligt vil ske. Overgange i sumpene kan etableres med stammer fra tr\u00e6er der evt. skal f\u00e6ldes i omr\u00e5det. Det vil g\u00f8re rigtig meget for dyr og planter!<\/p>\n<p class=\"x_MsoNormal\" style=\"text-align: left;\">\u00a0Grusstierne skal til geng\u00e6ld holdes t\u00f8rre hele vejen rundt!!Der er reelt INTET behov for at\u00a0 \u00a0g\u00f8re volden mere tilg\u00e6ngelig for handikappede. Alle kan komme hele vejen rundt via den\u00a0 \u00a0ydre sti.<\/p>\n<p class=\"x_MsoNormal\" style=\"text-align: left;\">Rumlefelter v\/samtlige overgange med asfalt.<\/p>\n<p class=\"x_MsoNormal\" style=\"text-align: left;\"><u>\u00a0Legeplads:<\/u><\/p>\n<p class=\"x_MsoNormal\" style=\"text-align: left;\">Legepladsen er m\u00f8rk og kold. Den kan udvides ud i solen m\/klatreskibe, voksen legeredskaber, m\u00f8dreb\u00e6nke, h\u00e6ngek\u00f8jer, familiegynger\/fuglereder og \u00a0en historisk stenlabyrint til at l\u00f8be om kap i. Inddrag skr\u00e6nten som legeomr\u00e5de med tr\u00e6desten\/trin og glidebaner\/rutsjebaner el lign. \u00a0Klatreskibe p\u00e5 det nye gr\u00f8nne portal omr\u00e5de ud til stege bugt og ned mod noret.<\/p>\n<p class=\"x_MsoNormal\" style=\"text-align: left;\">\u2018Poster\u2019 igennem hele volden, som endnu et incitament til at g\u00e5\/opleve hele str\u00e6kningen. Feks tr\u00e6stammekunstv\u00e6rker eller \u201dstop\u201d med forslag til gamle historiske lege, \u00f8velser eller h\u00e5ndv\u00e6rk, som kan leges\/ pr\u00f8ves p\u00e5 stedet.<\/p>\n<p class=\"x_MsoNormal\" style=\"text-align: left;\"><u>Dyreskuepladsen:<\/u><\/p>\n<p class=\"x_MsoNormal\" style=\"text-align: left;\">Skal beholdes i hele sin udstr\u00e6kning.<\/p>\n<p class=\"x_MsoNormal\" style=\"text-align: left;\">Der kan plantes tr\u00e6er p\u00e5 pladsen, der indikerer hvor og hvordan biler kan parkere, hvor der kan st\u00e5 telte m.v.. Der skal ogs\u00e5 v\u00e6re en plads til et cirkustelt.<\/p>\n<p class=\"x_MsoNormal\" style=\"text-align: left;\"><u>Vandv\u00e6rket:<\/u><\/p>\n<p class=\"x_MsoNormal\" style=\"text-align: left;\">Er ogs\u00e5 en stor del af Steges historie, og skal naturligvis blive liggende.<\/p>\n<p class=\"x_MsoNormal\" style=\"text-align: left;\">Skal indrettes som museum for Steges Middelalder-historie i den ene bygning;<\/p>\n<p class=\"x_MsoNormal\" style=\"text-align: left;\">I den anden indrettes en lille cafe\u00b4 m\/udsigt over Noret, og en lang bro ud i vandet; evt. med udlejning at kanoer.<\/p>\n<div class=\"pvc_clear\"><\/div>\n<p id=\"pvc_stats_1160\" class=\"pvc_stats all  \" data-element-id=\"1160\" style=\"\"><i class=\"pvc-stats-icon medium\" aria-hidden=\"true\"><svg aria-hidden=\"true\" focusable=\"false\" data-prefix=\"far\" data-icon=\"chart-bar\" role=\"img\" xmlns=\"http:\/\/www.w3.org\/2000\/svg\" viewBox=\"0 0 512 512\" class=\"svg-inline--fa fa-chart-bar fa-w-16 fa-2x\"><path fill=\"currentColor\" d=\"M396.8 352h22.4c6.4 0 12.8-6.4 12.8-12.8V108.8c0-6.4-6.4-12.8-12.8-12.8h-22.4c-6.4 0-12.8 6.4-12.8 12.8v230.4c0 6.4 6.4 12.8 12.8 12.8zm-192 0h22.4c6.4 0 12.8-6.4 12.8-12.8V140.8c0-6.4-6.4-12.8-12.8-12.8h-22.4c-6.4 0-12.8 6.4-12.8 12.8v198.4c0 6.4 6.4 12.8 12.8 12.8zm96 0h22.4c6.4 0 12.8-6.4 12.8-12.8V204.8c0-6.4-6.4-12.8-12.8-12.8h-22.4c-6.4 0-12.8 6.4-12.8 12.8v134.4c0 6.4 6.4 12.8 12.8 12.8zM496 400H48V80c0-8.84-7.16-16-16-16H16C7.16 64 0 71.16 0 80v336c0 17.67 14.33 32 32 32h464c8.84 0 16-7.16 16-16v-16c0-8.84-7.16-16-16-16zm-387.2-48h22.4c6.4 0 12.8-6.4 12.8-12.8v-70.4c0-6.4-6.4-12.8-12.8-12.8h-22.4c-6.4 0-12.8 6.4-12.8 12.8v70.4c0 6.4 6.4 12.8 12.8 12.8z\" class=\"\"><\/path><\/svg><\/i> <img loading=\"lazy\" decoding=\"async\" width=\"16\" height=\"16\" alt=\"Loading\" src=\"https:\/\/www.stegelokalforum.dk\/wp-content\/plugins\/page-views-count\/ajax-loader-2x.gif\" border=0 \/><\/p>\n<div class=\"pvc_clear\"><\/div>\n<p>Hits: 590<\/p>","protected":false},"excerpt":{"rendered":"<p>\u00a0Tak for borgerm\u00f8de, tirsdag d. 26. oktober 2021 i M\u00f8nshallen om Handlingsplan for Stege \u00a0Vold. \u00a0 \u00a0 Fra Stege Lokalforum vil vi gerne bidrage med f\u00f8lgende konkrete ideer: \u00a0Langelinje foran voldterr\u00e6nnet mod vest: \u00a0 Asfaltvejen bel\u00e6gges med \u201drumlefelter\u201d f.eks i toppede brosten. \u00a0 Lindetr\u00e6s\u201dalleen\u201d forts\u00e6ttes helt ud til vandkanten \u00a0 Badebroen foran Residensen flyttes ud&hellip; <br \/> <a class=\"button small blue\" href=\"https:\/\/www.stegelokalforum.dk\/index.php\/projekter\/andre-projekter\/stege-voldanlaeg\/\">L\u00e6s mere<\/a><\/p>\n<div class=\"pvc_clear\"><\/div>\n<p id=\"pvc_stats_1160\" class=\"pvc_stats all  \" data-element-id=\"1160\" style=\"\"><i class=\"pvc-stats-icon medium\" aria-hidden=\"true\"><svg aria-hidden=\"true\" focusable=\"false\" data-prefix=\"far\" data-icon=\"chart-bar\" role=\"img\" xmlns=\"http:\/\/www.w3.org\/2000\/svg\" viewBox=\"0 0 512 512\" class=\"svg-inline--fa fa-chart-bar fa-w-16 fa-2x\"><path fill=\"currentColor\" d=\"M396.8 352h22.4c6.4 0 12.8-6.4 12.8-12.8V108.8c0-6.4-6.4-12.8-12.8-12.8h-22.4c-6.4 0-12.8 6.4-12.8 12.8v230.4c0 6.4 6.4 12.8 12.8 12.8zm-192 0h22.4c6.4 0 12.8-6.4 12.8-12.8V140.8c0-6.4-6.4-12.8-12.8-12.8h-22.4c-6.4 0-12.8 6.4-12.8 12.8v198.4c0 6.4 6.4 12.8 12.8 12.8zm96 0h22.4c6.4 0 12.8-6.4 12.8-12.8V204.8c0-6.4-6.4-12.8-12.8-12.8h-22.4c-6.4 0-12.8 6.4-12.8 12.8v134.4c0 6.4 6.4 12.8 12.8 12.8zM496 400H48V80c0-8.84-7.16-16-16-16H16C7.16 64 0 71.16 0 80v336c0 17.67 14.33 32 32 32h464c8.84 0 16-7.16 16-16v-16c0-8.84-7.16-16-16-16zm-387.2-48h22.4c6.4 0 12.8-6.4 12.8-12.8v-70.4c0-6.4-6.4-12.8-12.8-12.8h-22.4c-6.4 0-12.8 6.4-12.8 12.8v70.4c0 6.4 6.4 12.8 12.8 12.8z\" class=\"\"><\/path><\/svg><\/i> <img loading=\"lazy\" decoding=\"async\" width=\"16\" height=\"16\" alt=\"Loading\" src=\"https:\/\/www.stegelokalforum.dk\/wp-content\/plugins\/page-views-count\/ajax-loader-2x.gif\" border=0 \/><\/p>\n<div class=\"pvc_clear\"><\/div>\n","protected":false},"author":1,"featured_media":0,"parent":159,"menu_order":0,"comment_status":"closed","ping_status":"closed","template":"","meta":{"footnotes":""},"_links":{"self":[{"href":"https:\/\/www.stegelokalforum.dk\/index.php\/wp-json\/wp\/v2\/pages\/1160"}],"collection":[{"href":"https:\/\/www.stegelokalforum.dk\/index.php\/wp-json\/wp\/v2\/pages"}],"about":[{"href":"https:\/\/www.stegelokalforum.dk\/index.php\/wp-json\/wp\/v2\/types\/page"}],"author":[{"embeddable":true,"href":"https:\/\/www.stegelokalforum.dk\/index.php\/wp-json\/wp\/v2\/users\/1"}],"replies":[{"embeddable":true,"href":"https:\/\/www.stegelokalforum.dk\/index.php\/wp-json\/wp\/v2\/comments?post=1160"}],"version-history":[{"count":4,"href":"https:\/\/www.stegelokalforum.dk\/index.php\/wp-json\/wp\/v2\/pages\/1160\/revisions"}],"predecessor-version":[{"id":1173,"href":"https:\/\/www.stegelokalforum.dk\/index.php\/wp-json\/wp\/v2\/pages\/1160\/revisions\/1173"}],"up":[{"embeddable":true,"href":"https:\/\/www.stegelokalforum.dk\/index.php\/wp-json\/wp\/v2\/pages\/159"}],"wp:attachment":[{"href":"https:\/\/www.stegelokalforum.dk\/index.php\/wp-json\/wp\/v2\/media?parent=1160"}],"curies":[{"name":"wp","href":"https:\/\/api.w.org\/{rel}","templated":true}]}}