{"id":50,"date":"2021-01-14T12:46:44","date_gmt":"2021-01-14T12:46:44","guid":{"rendered":"http:\/\/www.stegelokalforum.dk\/?page_id=50"},"modified":"2025-12-15T12:37:12","modified_gmt":"2025-12-15T12:37:12","slug":"relevante-links","status":"publish","type":"page","link":"http:\/\/www.stegelokalforum.dk\/index.php\/relevante-links\/","title":{"rendered":"Relevante Links"},"content":{"rendered":"<p>Link til Borgerbudget 2026<\/p>\n<p>https:\/\/www.vordingborg.dk\/kommunen\/nyheder\/2025\/dec\/borgerbudgetter-til-uddeling-i-endnu-flere-lokalomraader-i-2026?fbclid=IwY2xjawOs38pleHRuA2FlbQIxMABzcnRjBmFwcF9pZBAyMjIwMzkxNzg4MjAwODkyAAEeYsp0PSuJOtI2dNh-NEijfjvCwxuQPGUKkaJPbSw8XaPWG5Ua24rEiamiX3A_aem__KGx1epZVSed5Gl2i16TLw<\/p>\n<p>Link til Facebook:<br \/>\n<a href=\"https:\/\/www.facebook.com\/groups\/2530508693867896\"> Stege Lokalforum<\/a><\/p>\n<p>Link til Vordingborg Kommunes regulering af r\u00e5ger p\u00e5 Stege Vold:<br \/>\n<a href=\"https:\/\/www.vordingborg.dk\/borger\/miljo-og-natur\/skadedyr\/rager\/\">R\u00e5ger &#8211; Vordingborg Kommune<\/a><\/p>\n<p>Link til Vild med vilje &#8211; g\u00f8r det selv:<br \/>\n<a href=\"https:\/\/www.vildmedvilje.dk\/goerdetselv\/\">https:\/\/www.vildmedvilje.dk\/goerdetselv\/<\/a><\/p>\n<p>&nbsp;<\/p>\n<div class=\"pvc_clear\"><\/div>\n<p id=\"pvc_stats_50\" class=\"pvc_stats all  \" data-element-id=\"50\" style=\"\"><i class=\"pvc-stats-icon medium\" aria-hidden=\"true\"><svg aria-hidden=\"true\" focusable=\"false\" data-prefix=\"far\" data-icon=\"chart-bar\" role=\"img\" xmlns=\"http:\/\/www.w3.org\/2000\/svg\" viewBox=\"0 0 512 512\" class=\"svg-inline--fa fa-chart-bar fa-w-16 fa-2x\"><path fill=\"currentColor\" d=\"M396.8 352h22.4c6.4 0 12.8-6.4 12.8-12.8V108.8c0-6.4-6.4-12.8-12.8-12.8h-22.4c-6.4 0-12.8 6.4-12.8 12.8v230.4c0 6.4 6.4 12.8 12.8 12.8zm-192 0h22.4c6.4 0 12.8-6.4 12.8-12.8V140.8c0-6.4-6.4-12.8-12.8-12.8h-22.4c-6.4 0-12.8 6.4-12.8 12.8v198.4c0 6.4 6.4 12.8 12.8 12.8zm96 0h22.4c6.4 0 12.8-6.4 12.8-12.8V204.8c0-6.4-6.4-12.8-12.8-12.8h-22.4c-6.4 0-12.8 6.4-12.8 12.8v134.4c0 6.4 6.4 12.8 12.8 12.8zM496 400H48V80c0-8.84-7.16-16-16-16H16C7.16 64 0 71.16 0 80v336c0 17.67 14.33 32 32 32h464c8.84 0 16-7.16 16-16v-16c0-8.84-7.16-16-16-16zm-387.2-48h22.4c6.4 0 12.8-6.4 12.8-12.8v-70.4c0-6.4-6.4-12.8-12.8-12.8h-22.4c-6.4 0-12.8 6.4-12.8 12.8v70.4c0 6.4 6.4 12.8 12.8 12.8z\" class=\"\"><\/path><\/svg><\/i> <img loading=\"lazy\" decoding=\"async\" width=\"16\" height=\"16\" alt=\"Loading\" src=\"http:\/\/www.stegelokalforum.dk\/wp-content\/plugins\/page-views-count\/ajax-loader-2x.gif\" border=0 \/><\/p>\n<div class=\"pvc_clear\"><\/div>\n<p>Hits: 896<\/p>","protected":false},"excerpt":{"rendered":"<p>Link til Borgerbudget 2026 https:\/\/www.vordingborg.dk\/kommunen\/nyheder\/2025\/dec\/borgerbudgetter-til-uddeling-i-endnu-flere-lokalomraader-i-2026?fbclid=IwY2xjawOs38pleHRuA2FlbQIxMABzcnRjBmFwcF9pZBAyMjIwMzkxNzg4MjAwODkyAAEeYsp0PSuJOtI2dNh-NEijfjvCwxuQPGUKkaJPbSw8XaPWG5Ua24rEiamiX3A_aem__KGx1epZVSed5Gl2i16TLw Link til Facebook: Stege Lokalforum Link til Vordingborg Kommunes regulering af r\u00e5ger p\u00e5 Stege Vold: R\u00e5ger &#8211; Vordingborg Kommune Link til Vild med vilje &#8211; g\u00f8r det selv: https:\/\/www.vildmedvilje.dk\/goerdetselv\/ &nbsp; Hits: 896<\/p>\n<div class=\"pvc_clear\"><\/div>\n<p id=\"pvc_stats_50\" class=\"pvc_stats all  \" data-element-id=\"50\" style=\"\"><i class=\"pvc-stats-icon medium\" aria-hidden=\"true\"><svg aria-hidden=\"true\" focusable=\"false\" data-prefix=\"far\" data-icon=\"chart-bar\" role=\"img\" xmlns=\"http:\/\/www.w3.org\/2000\/svg\" viewBox=\"0 0 512 512\" class=\"svg-inline--fa fa-chart-bar fa-w-16 fa-2x\"><path fill=\"currentColor\" d=\"M396.8 352h22.4c6.4 0 12.8-6.4 12.8-12.8V108.8c0-6.4-6.4-12.8-12.8-12.8h-22.4c-6.4 0-12.8 6.4-12.8 12.8v230.4c0 6.4 6.4 12.8 12.8 12.8zm-192 0h22.4c6.4 0 12.8-6.4 12.8-12.8V140.8c0-6.4-6.4-12.8-12.8-12.8h-22.4c-6.4 0-12.8 6.4-12.8 12.8v198.4c0 6.4 6.4 12.8 12.8 12.8zm96 0h22.4c6.4 0 12.8-6.4 12.8-12.8V204.8c0-6.4-6.4-12.8-12.8-12.8h-22.4c-6.4 0-12.8 6.4-12.8 12.8v134.4c0 6.4 6.4 12.8 12.8 12.8zM496 400H48V80c0-8.84-7.16-16-16-16H16C7.16 64 0 71.16 0 80v336c0 17.67 14.33 32 32 32h464c8.84 0 16-7.16 16-16v-16c0-8.84-7.16-16-16-16zm-387.2-48h22.4c6.4 0 12.8-6.4 12.8-12.8v-70.4c0-6.4-6.4-12.8-12.8-12.8h-22.4c-6.4 0-12.8 6.4-12.8 12.8v70.4c0 6.4 6.4 12.8 12.8 12.8z\" class=\"\"><\/path><\/svg><\/i> <img loading=\"lazy\" decoding=\"async\" width=\"16\" height=\"16\" alt=\"Loading\" src=\"http:\/\/www.stegelokalforum.dk\/wp-content\/plugins\/page-views-count\/ajax-loader-2x.gif\" border=0 \/><\/p>\n<div class=\"pvc_clear\"><\/div>\n","protected":false},"author":2,"featured_media":0,"parent":0,"menu_order":4,"comment_status":"closed","ping_status":"closed","template":"","meta":{"footnotes":""},"_links":{"self":[{"href":"http:\/\/www.stegelokalforum.dk\/index.php\/wp-json\/wp\/v2\/pages\/50"}],"collection":[{"href":"http:\/\/www.stegelokalforum.dk\/index.php\/wp-json\/wp\/v2\/pages"}],"about":[{"href":"http:\/\/www.stegelokalforum.dk\/index.php\/wp-json\/wp\/v2\/types\/page"}],"author":[{"embeddable":true,"href":"http:\/\/www.stegelokalforum.dk\/index.php\/wp-json\/wp\/v2\/users\/2"}],"replies":[{"embeddable":true,"href":"http:\/\/www.stegelokalforum.dk\/index.php\/wp-json\/wp\/v2\/comments?post=50"}],"version-history":[{"count":9,"href":"http:\/\/www.stegelokalforum.dk\/index.php\/wp-json\/wp\/v2\/pages\/50\/revisions"}],"predecessor-version":[{"id":1531,"href":"http:\/\/www.stegelokalforum.dk\/index.php\/wp-json\/wp\/v2\/pages\/50\/revisions\/1531"}],"wp:attachment":[{"href":"http:\/\/www.stegelokalforum.dk\/index.php\/wp-json\/wp\/v2\/media?parent=50"}],"curies":[{"name":"wp","href":"https:\/\/api.w.org\/{rel}","templated":true}]}}