{"id":159,"date":"2021-01-14T18:36:13","date_gmt":"2021-01-14T18:36:13","guid":{"rendered":"http:\/\/www.stegelokalforum.dk\/?page_id=159"},"modified":"2025-11-23T19:47:54","modified_gmt":"2025-11-23T19:47:54","slug":"andre-projekter","status":"publish","type":"page","link":"http:\/\/www.stegelokalforum.dk\/index.php\/projekter\/andre-projekter\/","title":{"rendered":"Projektet Park Moena"},"content":{"rendered":"<div id=\"pl-159\"  class=\"panel-layout\" ><div id=\"pg-159-0\"  class=\"panel-grid panel-no-style\" ><div id=\"pgc-159-0-0\"  class=\"panel-grid-cell\" ><div id=\"panel-159-0-0-0\" class=\"so-panel widget widget_sow-editor panel-first-child panel-last-child\" data-index=\"0\" ><div\n\t\t\t\n\t\t\tclass=\"so-widget-sow-editor so-widget-sow-editor-base\"\n\t\t\t\n\t\t><h3 class=\"widget-title\">Andre for byen relevante projekter vi f\u00f8lger op p\u00e5<\/h3>\n<div class=\"siteorigin-widget-tinymce textwidget\">\n\t<\/div>\n<\/div><\/div><\/div><div id=\"pgc-159-0-1\"  class=\"panel-grid-cell\" ><div id=\"panel-159-0-1-0\" class=\"so-panel widget widget_nav_menu panel-first-child panel-last-child\" data-index=\"1\" ><h3 class=\"widget-title\">Hop til<\/h3><div class=\"menu-vi-foelger-op-paa-container\"><ul id=\"menu-vi-foelger-op-paa\" class=\"menu\"><li id=\"menu-item-178\" class=\"menu-item menu-item-type-post_type menu-item-object-page menu-item-178\"><a href=\"http:\/\/www.stegelokalforum.dk\/index.php\/projekter\/andre-projekter\/lendemark-hovedgade\/\">Lendemark Hovedgade<\/a><\/li>\n<li id=\"menu-item-177\" class=\"menu-item menu-item-type-post_type menu-item-object-page menu-item-177\"><a href=\"http:\/\/www.stegelokalforum.dk\/index.php\/projekter\/andre-projekter\/cabaret-grunden-paa-skydevaenget\/\">Cabaret grunden p\u00e5 Skydev\u00e6nget<\/a><\/li>\n<li id=\"menu-item-175\" class=\"menu-item menu-item-type-post_type menu-item-object-page menu-item-175\"><a href=\"http:\/\/www.stegelokalforum.dk\/index.php\/projekter\/andre-projekter\/renovering-af-moelleporten\/\">Renovering af M\u00f8lleporten<\/a><\/li>\n<li id=\"menu-item-176\" class=\"menu-item menu-item-type-post_type menu-item-object-page menu-item-176\"><a href=\"http:\/\/www.stegelokalforum.dk\/index.php\/projekter\/andre-projekter\/feriepark-i-hjelm-bugt\/\">Feriepark i Hjelm Bugt<\/a><\/li>\n<\/ul><\/div><\/div><\/div><\/div><\/div><p>Hits: 762<\/p>","protected":false},"excerpt":{"rendered":"<p>Andre for byen relevante projekter vi f\u00f8lger op p\u00e5 Hop tilLendemark Hovedgade Cabaret grunden p\u00e5 Skydev\u00e6nget Renovering af M\u00f8lleporten Feriepark i Hjelm Bugt Hits: 762<\/p>\n<div class=\"pvc_clear\"><\/div>\n<p id=\"pvc_stats_159\" class=\"pvc_stats all  \" data-element-id=\"159\" style=\"\"><i class=\"pvc-stats-icon medium\" aria-hidden=\"true\"><svg aria-hidden=\"true\" focusable=\"false\" data-prefix=\"far\" data-icon=\"chart-bar\" role=\"img\" xmlns=\"http:\/\/www.w3.org\/2000\/svg\" viewBox=\"0 0 512 512\" class=\"svg-inline--fa fa-chart-bar fa-w-16 fa-2x\"><path fill=\"currentColor\" d=\"M396.8 352h22.4c6.4 0 12.8-6.4 12.8-12.8V108.8c0-6.4-6.4-12.8-12.8-12.8h-22.4c-6.4 0-12.8 6.4-12.8 12.8v230.4c0 6.4 6.4 12.8 12.8 12.8zm-192 0h22.4c6.4 0 12.8-6.4 12.8-12.8V140.8c0-6.4-6.4-12.8-12.8-12.8h-22.4c-6.4 0-12.8 6.4-12.8 12.8v198.4c0 6.4 6.4 12.8 12.8 12.8zm96 0h22.4c6.4 0 12.8-6.4 12.8-12.8V204.8c0-6.4-6.4-12.8-12.8-12.8h-22.4c-6.4 0-12.8 6.4-12.8 12.8v134.4c0 6.4 6.4 12.8 12.8 12.8zM496 400H48V80c0-8.84-7.16-16-16-16H16C7.16 64 0 71.16 0 80v336c0 17.67 14.33 32 32 32h464c8.84 0 16-7.16 16-16v-16c0-8.84-7.16-16-16-16zm-387.2-48h22.4c6.4 0 12.8-6.4 12.8-12.8v-70.4c0-6.4-6.4-12.8-12.8-12.8h-22.4c-6.4 0-12.8 6.4-12.8 12.8v70.4c0 6.4 6.4 12.8 12.8 12.8z\" class=\"\"><\/path><\/svg><\/i> <img loading=\"lazy\" decoding=\"async\" width=\"16\" height=\"16\" alt=\"Loading\" src=\"http:\/\/www.stegelokalforum.dk\/wp-content\/plugins\/page-views-count\/ajax-loader-2x.gif\" border=0 \/><\/p>\n<div class=\"pvc_clear\"><\/div>\n","protected":false},"author":2,"featured_media":0,"parent":48,"menu_order":0,"comment_status":"closed","ping_status":"closed","template":"","meta":{"footnotes":""},"_links":{"self":[{"href":"http:\/\/www.stegelokalforum.dk\/index.php\/wp-json\/wp\/v2\/pages\/159"}],"collection":[{"href":"http:\/\/www.stegelokalforum.dk\/index.php\/wp-json\/wp\/v2\/pages"}],"about":[{"href":"http:\/\/www.stegelokalforum.dk\/index.php\/wp-json\/wp\/v2\/types\/page"}],"author":[{"embeddable":true,"href":"http:\/\/www.stegelokalforum.dk\/index.php\/wp-json\/wp\/v2\/users\/2"}],"replies":[{"embeddable":true,"href":"http:\/\/www.stegelokalforum.dk\/index.php\/wp-json\/wp\/v2\/comments?post=159"}],"version-history":[{"count":8,"href":"http:\/\/www.stegelokalforum.dk\/index.php\/wp-json\/wp\/v2\/pages\/159\/revisions"}],"predecessor-version":[{"id":1522,"href":"http:\/\/www.stegelokalforum.dk\/index.php\/wp-json\/wp\/v2\/pages\/159\/revisions\/1522"}],"up":[{"embeddable":true,"href":"http:\/\/www.stegelokalforum.dk\/index.php\/wp-json\/wp\/v2\/pages\/48"}],"wp:attachment":[{"href":"http:\/\/www.stegelokalforum.dk\/index.php\/wp-json\/wp\/v2\/media?parent=159"}],"curies":[{"name":"wp","href":"https:\/\/api.w.org\/{rel}","templated":true}]}}