{"id":1440,"date":"2025-02-27T10:15:02","date_gmt":"2025-02-27T10:15:02","guid":{"rendered":"https:\/\/www.stegelokalforum.dk\/?page_id=1440"},"modified":"2025-02-27T10:32:01","modified_gmt":"2025-02-27T10:32:01","slug":"gdpr","status":"publish","type":"page","link":"http:\/\/www.stegelokalforum.dk\/index.php\/stege-lokalforum\/gdpr\/","title":{"rendered":"GDPR"},"content":{"rendered":"<p style=\"text-align: left;\"><strong>GDPR \u201dGeneral Data Protection Regulation\u201d p\u00e5 dansk databeskyttelsesforordningen<\/strong><\/p>\n<p style=\"text-align: left;\">Stege Lokalforum er som forening opm\u00e6rksom p\u00e5 at overholde GDPR \u201dGeneral Data Protection Regulation\u201d p\u00e5 dansk databeskyttelsesforordningen, n\u00e5r foreningen \u201dbehandler personoplysninger\u201d &#8211; om andre dvs. indsamler, registrerer, videregiver eller sletter personoplysninger.<\/p>\n<p style=\"text-align: left;\">GDPR er fleksible regler med mulighed for at tilpasse den enkelte forening. S\u00e5ledes, skal foreningen selv vurdere og sikre at leve op til reglerne, n\u00e5r det g\u00e6lder til hvilken form\u00e5l de behandler personoplysninger og hvor l\u00e6nge det er n\u00f8dvendigt at gemme oplysningerne.<\/p>\n<p style=\"text-align: left;\"><strong>Henvisning til:<\/strong><br \/>\n<strong>https:\/\/www.datatilsynet.dk\/regler-og-vejledning\/gdpr-univers-for-smaa-foreninger<\/strong><\/p>\n<p style=\"text-align: left;\">Stege Lokalforum er opm\u00e6rksom p\u00e5, at der kun indsamles personoplysninger n\u00e5r det har et sagligt form\u00e5l. Ved Indsamling af personoplysninger oplyses, hvad personoplysningerne skal bruges til, og hvis de videregives, til hvem personoplysningerne videregives til.<br \/>\nS\u00e6rlige kategorier af personoplysninger (f\u00f8lsomme oplysninger) (er dokumenter som f.eks. indeholder CPR-nr.), udleveret, sendt pr. mail eller download p\u00e5 pc, er det vigtigt efterf\u00f8lgende at f\u00e5 slettet \/ fjernet de personf\u00f8lsomme oplysninger, n\u00e5r det vurderes, at der ikke l\u00e6ngere er behov for at opbevare dem.<\/p>\n<div class=\"pvc_clear\"><\/div>\n<p id=\"pvc_stats_1440\" class=\"pvc_stats all  \" data-element-id=\"1440\" style=\"\"><i class=\"pvc-stats-icon medium\" aria-hidden=\"true\"><svg aria-hidden=\"true\" focusable=\"false\" data-prefix=\"far\" data-icon=\"chart-bar\" role=\"img\" xmlns=\"http:\/\/www.w3.org\/2000\/svg\" viewBox=\"0 0 512 512\" class=\"svg-inline--fa fa-chart-bar fa-w-16 fa-2x\"><path fill=\"currentColor\" d=\"M396.8 352h22.4c6.4 0 12.8-6.4 12.8-12.8V108.8c0-6.4-6.4-12.8-12.8-12.8h-22.4c-6.4 0-12.8 6.4-12.8 12.8v230.4c0 6.4 6.4 12.8 12.8 12.8zm-192 0h22.4c6.4 0 12.8-6.4 12.8-12.8V140.8c0-6.4-6.4-12.8-12.8-12.8h-22.4c-6.4 0-12.8 6.4-12.8 12.8v198.4c0 6.4 6.4 12.8 12.8 12.8zm96 0h22.4c6.4 0 12.8-6.4 12.8-12.8V204.8c0-6.4-6.4-12.8-12.8-12.8h-22.4c-6.4 0-12.8 6.4-12.8 12.8v134.4c0 6.4 6.4 12.8 12.8 12.8zM496 400H48V80c0-8.84-7.16-16-16-16H16C7.16 64 0 71.16 0 80v336c0 17.67 14.33 32 32 32h464c8.84 0 16-7.16 16-16v-16c0-8.84-7.16-16-16-16zm-387.2-48h22.4c6.4 0 12.8-6.4 12.8-12.8v-70.4c0-6.4-6.4-12.8-12.8-12.8h-22.4c-6.4 0-12.8 6.4-12.8 12.8v70.4c0 6.4 6.4 12.8 12.8 12.8z\" class=\"\"><\/path><\/svg><\/i> <img loading=\"lazy\" decoding=\"async\" width=\"16\" height=\"16\" alt=\"Loading\" src=\"http:\/\/www.stegelokalforum.dk\/wp-content\/plugins\/page-views-count\/ajax-loader-2x.gif\" border=0 \/><\/p>\n<div class=\"pvc_clear\"><\/div>\n<p>Hits: 289<\/p>","protected":false},"excerpt":{"rendered":"<p>GDPR \u201dGeneral Data Protection Regulation\u201d p\u00e5 dansk databeskyttelsesforordningen Stege Lokalforum er som forening opm\u00e6rksom p\u00e5 at overholde GDPR \u201dGeneral Data Protection Regulation\u201d p\u00e5 dansk databeskyttelsesforordningen, n\u00e5r foreningen \u201dbehandler personoplysninger\u201d &#8211; om andre dvs. indsamler, registrerer, videregiver eller sletter personoplysninger. GDPR er fleksible regler med mulighed for at tilpasse den enkelte forening. S\u00e5ledes, skal foreningen selv&hellip; <br \/> <a class=\"button small blue\" href=\"http:\/\/www.stegelokalforum.dk\/index.php\/stege-lokalforum\/gdpr\/\">L\u00e6s mere<\/a><\/p>\n<div class=\"pvc_clear\"><\/div>\n<p id=\"pvc_stats_1440\" class=\"pvc_stats all  \" data-element-id=\"1440\" style=\"\"><i class=\"pvc-stats-icon medium\" aria-hidden=\"true\"><svg aria-hidden=\"true\" focusable=\"false\" data-prefix=\"far\" data-icon=\"chart-bar\" role=\"img\" xmlns=\"http:\/\/www.w3.org\/2000\/svg\" viewBox=\"0 0 512 512\" class=\"svg-inline--fa fa-chart-bar fa-w-16 fa-2x\"><path fill=\"currentColor\" d=\"M396.8 352h22.4c6.4 0 12.8-6.4 12.8-12.8V108.8c0-6.4-6.4-12.8-12.8-12.8h-22.4c-6.4 0-12.8 6.4-12.8 12.8v230.4c0 6.4 6.4 12.8 12.8 12.8zm-192 0h22.4c6.4 0 12.8-6.4 12.8-12.8V140.8c0-6.4-6.4-12.8-12.8-12.8h-22.4c-6.4 0-12.8 6.4-12.8 12.8v198.4c0 6.4 6.4 12.8 12.8 12.8zm96 0h22.4c6.4 0 12.8-6.4 12.8-12.8V204.8c0-6.4-6.4-12.8-12.8-12.8h-22.4c-6.4 0-12.8 6.4-12.8 12.8v134.4c0 6.4 6.4 12.8 12.8 12.8zM496 400H48V80c0-8.84-7.16-16-16-16H16C7.16 64 0 71.16 0 80v336c0 17.67 14.33 32 32 32h464c8.84 0 16-7.16 16-16v-16c0-8.84-7.16-16-16-16zm-387.2-48h22.4c6.4 0 12.8-6.4 12.8-12.8v-70.4c0-6.4-6.4-12.8-12.8-12.8h-22.4c-6.4 0-12.8 6.4-12.8 12.8v70.4c0 6.4 6.4 12.8 12.8 12.8z\" class=\"\"><\/path><\/svg><\/i> <img loading=\"lazy\" decoding=\"async\" width=\"16\" height=\"16\" alt=\"Loading\" src=\"http:\/\/www.stegelokalforum.dk\/wp-content\/plugins\/page-views-count\/ajax-loader-2x.gif\" border=0 \/><\/p>\n<div class=\"pvc_clear\"><\/div>\n","protected":false},"author":1,"featured_media":0,"parent":13,"menu_order":5,"comment_status":"closed","ping_status":"closed","template":"","meta":{"footnotes":""},"_links":{"self":[{"href":"http:\/\/www.stegelokalforum.dk\/index.php\/wp-json\/wp\/v2\/pages\/1440"}],"collection":[{"href":"http:\/\/www.stegelokalforum.dk\/index.php\/wp-json\/wp\/v2\/pages"}],"about":[{"href":"http:\/\/www.stegelokalforum.dk\/index.php\/wp-json\/wp\/v2\/types\/page"}],"author":[{"embeddable":true,"href":"http:\/\/www.stegelokalforum.dk\/index.php\/wp-json\/wp\/v2\/users\/1"}],"replies":[{"embeddable":true,"href":"http:\/\/www.stegelokalforum.dk\/index.php\/wp-json\/wp\/v2\/comments?post=1440"}],"version-history":[{"count":5,"href":"http:\/\/www.stegelokalforum.dk\/index.php\/wp-json\/wp\/v2\/pages\/1440\/revisions"}],"predecessor-version":[{"id":1445,"href":"http:\/\/www.stegelokalforum.dk\/index.php\/wp-json\/wp\/v2\/pages\/1440\/revisions\/1445"}],"up":[{"embeddable":true,"href":"http:\/\/www.stegelokalforum.dk\/index.php\/wp-json\/wp\/v2\/pages\/13"}],"wp:attachment":[{"href":"http:\/\/www.stegelokalforum.dk\/index.php\/wp-json\/wp\/v2\/media?parent=1440"}],"curies":[{"name":"wp","href":"https:\/\/api.w.org\/{rel}","templated":true}]}}