{"id":120,"date":"2021-01-14T18:17:05","date_gmt":"2021-01-14T18:17:05","guid":{"rendered":"http:\/\/www.stegelokalforum.dk\/?page_id=120"},"modified":"2021-04-14T13:34:11","modified_gmt":"2021-04-14T13:34:11","slug":"affaldsindsamlingskorps","status":"publish","type":"page","link":"http:\/\/www.stegelokalforum.dk\/index.php\/projekter\/vores-projekter\/affaldsindsamlingskorps\/","title":{"rendered":"Affald p\u00e5 afveje"},"content":{"rendered":"<div id=\"pl-120\"  class=\"panel-layout\" ><div id=\"pg-120-0\"  class=\"panel-grid panel-has-style\" ><div class=\"siteorigin-panels-stretch panel-row-style panel-row-style-for-120-0\" data-stretch-type=\"full\" ><div id=\"pgc-120-0-0\"  class=\"panel-grid-cell\" ><div id=\"panel-120-0-0-0\" class=\"so-panel widget widget_sow-headline panel-first-child\" data-index=\"0\" ><div\n\t\t\t\n\t\t\tclass=\"so-widget-sow-headline so-widget-sow-headline-default-52b4ac1ef306-120 so-widget-fittext-wrapper\"\n\t\t\t data-fit-text-compressor=\"0.85\"\n\t\t><div class=\"sow-headline-container \">\n\t<h1 class='sow-headline'>Vi har fokus p\u00e5:<\/h1><\/div>\n<\/div><\/div><div id=\"panel-120-0-0-1\" class=\"so-panel widget widget_sow-features panel-last-child\" data-index=\"1\" ><div\n\t\t\t\n\t\t\tclass=\"so-widget-sow-features so-widget-sow-features-default-0ff25fbec0fd-120\"\n\t\t\t\n\t\t>\n<div class=\"sow-features-list sow-features-responsive\">\n\n\t\t\t\t\t\t\t\t\t<div\n\t\t\t\tclass=\"sow-features-feature sow-icon-container-position-top sow-features-feature-last-row\"\n\t\t\t\tstyle=\"display: flex; flex-direction: column; width: 33.333%;\"\n\t\t\t>\n\t\t\t\t\t\t\t<div class=\"sow-features-feature-right-left-container\" style=\"display: flex; flex-direction: inherit;\">\n\t\t\t\n\t\t\t\t\t\t\t\t<div\n\t\t\t\t\tclass=\"sow-icon-container sow-container-sticker\"\n\t\t\t\t\tstyle=\"color: #b9dae8; \"\n\t\t\t\t\ttitle=\"Affald i det offentlige rum\">\n\t\t\t\t\t<span class=\"sow-icon-fontawesome sow-fas\" data-sow-icon=\"&#xf2ed;\"\n\t\tstyle=\"font-size: 70px; color: #FFFFFF\" \n\t\taria-hidden=\"true\"><\/span>\t\t\t\t<\/div>\n\t\t\t\t\n\t\t\t\t<div class=\"textwidget\">\n\t\t\t\t\t\t\t\t\t\t\t<div class=\"sow-features-feature-content\">\n\t\t\t\t\t\n\t\t\t\t\t\t\t\t\t\t\t<h5>\n\t\t\t\t\t\t\t\n\t\t\t\t\t\t\tAffald i det offentlige rum\t\t\t\t\t\t\t\t\t\t\t\t\t<\/h5>\n\t\t\t\t\t\n\t\t\t\t\t\t\t\t\t\t\t<p><strong>Vi interesserer os for:<\/strong> at skabe flere og bedre muligheder for at komme af med sit affald n\u00e5r man f\u00e6rdes offentlige steder i vores lokalomr\u00e5de.<\/p>\n<p><strong>Vi \u00f8nsker:<\/strong> at der bliver sat flere affaldsbeholdere op. Allerhelst nogen, der er let tilg\u00e6ngelige og som er lavet til sortering.<\/p>\n<p><strong>Vi har indtil videre gjort f\u00f8lgende:<\/strong>\u00a0Vi har v\u00e6ret i kontakt med Rolf Hoelgaard fra Afd. for byg, land og milj\u00f8 i Vordingborg Kommune. Han henviser til en sag fra aug. 2019 om \u00f8get affaldssortering i kommunens institutioner og virksomheder. Han skriver bl.a.: \"Administrationen foruds\u00e6tter dog, at der f\u00f8rst skal indf\u00f8res bedre affaldssortering i kommunens institioner, f\u00f8r det p\u00e5begyndes at arbejde med affaldssortering i det offentlige rum\". Administrationen varetages i dette tilf\u00e6lde af trafik og ejendomme.<\/p>\n<p><strong>Hvad er n\u00e6ste skridt for os?<\/strong>\u00a0Vi vil tage kontakt til Trafik og ejendomme. Vi l\u00e6gger nyt op i sagen her s\u00e5 snart vi har mere.<\/p>\n<p>&nbsp;<\/p>\n\t\t\t\t\t\n\t\t\t\t\t\t\t\t\t\t\t<\/div>\n\t\t\t\t\t\t<p class=\"sow-more-text\">\n\t\t\t\t\t\t\t\t\t\t\t\t\t\tDu kan se den omtalte sag her: www.bbbbbbbbbb\t\t\t\t\t\t\t\t\t\t\t\t\t<\/p>\n\t\t\t\t\t\t\t\t\t<\/div>\n\t\t\t\t\t\t\t\t\t<\/div>\n\t\t\t\t\t\t\t\t\n\t\t\t\t\t\t\t<\/div>\n\n\t\t\t\t\t\t\t\t<div\n\t\t\t\tclass=\"sow-features-feature sow-icon-container-position-top sow-features-feature-last-row\"\n\t\t\t\tstyle=\"display: flex; flex-direction: column; width: 33.333%;\"\n\t\t\t>\n\t\t\t\t\t\t\t<div class=\"sow-features-feature-right-left-container\" style=\"display: flex; flex-direction: inherit;\">\n\t\t\t\n\t\t\t\t\t\t\t\t<div\n\t\t\t\t\tclass=\"sow-icon-container sow-container-sticker\"\n\t\t\t\t\tstyle=\"color: #e5d96b; \"\n\t\t\t\t\t>\n\t\t\t\t\t<span class=\"sow-icon-fontawesome sow-fas\" data-sow-icon=\"&#xf2ed;\"\n\t\tstyle=\"font-size: 70px; color: #FFFFFF\" \n\t\taria-hidden=\"true\"><\/span>\t\t\t\t<\/div>\n\t\t\t\t\n\t\t\t\t<div class=\"textwidget\">\n\t\t\t\t\t\t\t\t\t\t\t<div class=\"sow-features-feature-content\">\n\t\t\t\t\t\n\t\t\t\t\t\t\t\t\t\t\t<h5>\n\t\t\t\t\t\t\t\n\t\t\t\t\t\t\tAffaldssortering i offentlige virksomheder og institutioner\t\t\t\t\t\t\t\t\t\t\t\t\t<\/h5>\n\t\t\t\t\t\n\t\t\t\t\t\t\t\t\t\t\t<p><strong>Vi interesserer os for:<\/strong>\u00a0at flere offentlige virksomheder og institutioner f\u00e5r mulighed for at sortere deres affald og f\u00e5 det afhentet sorteret.<\/p>\n<p><strong>Vi \u00f8nsker:<\/strong> at styrke milj\u00f8hensyn og b\u00e6redygtighed i vores lokalomr\u00e5de, og vi synes affaldssortering er et oplagt sted at starte.<\/p>\n<p><strong>Vi har indtil videre gjort f\u00f8lgende:<\/strong>\u00a0Vi har v\u00e6ret i kontakt med Rolf Hoelgaard fra afd. for Byg, Land og Milj\u00f8 i Vordingborg Kommune. Han henviser til en sag fra aug. 2019 om \u00f8get affaldssortering i kommunens institutioner og virksomheder. Der er pt igangsat et pilotprojekt p\u00e5 5 af kommunens ca. 75 adresser. Der bliver sorteret i mad\/organisk affald, restaffald og metal\/h\u00e5rd plast\/pap\/papir, og affaldet afhentes ogs\u00e5 i disse kategorier. Erfaringerne fra projektet vil efter evaluering blive overgivet til \u00f8vrige institutioner, som skal have implementeret deres affaldssortering senest ved udgangen af 2021.<\/p>\n<p><strong>Hvad er n\u00e6ste skridt for os?<\/strong>\u00a0Vi vil tage l\u00f8bende kontakt til Byg, Land og Milj\u00f8. Vi l\u00e6gger nyt op i sagen her s\u00e5 snart vi har mere.<\/p>\n<p>&nbsp;<\/p>\n\t\t\t\t\t\n\t\t\t\t\t\t\t\t\t\t\t<\/div>\n\t\t\t\t\t\t<p class=\"sow-more-text\">\n\t\t\t\t\t\t\t\t\t\t\t\t\t\tDu kan se den omtalte sag her: www.bbbbbbbbbb\t\t\t\t\t\t\t\t\t\t\t\t\t<\/p>\n\t\t\t\t\t\t\t\t\t<\/div>\n\t\t\t\t\t\t\t\t\t<\/div>\n\t\t\t\t\t\t\t\t\n\t\t\t\t\t\t\t<\/div>\n\n\t\t\t\t\t\t\t\t<div\n\t\t\t\tclass=\"sow-features-feature sow-icon-container-position-top sow-features-feature-last-row\"\n\t\t\t\tstyle=\"display: flex; flex-direction: column; width: 33.333%;\"\n\t\t\t>\n\t\t\t\n\t\t\t\t\t\t\t\t<div\n\t\t\t\t\tclass=\"sow-icon-container sow-container-sticker\"\n\t\t\t\t\tstyle=\"color: #dd7968; \"\n\t\t\t\t\t>\n\t\t\t\t\t<span class=\"sow-icon-fontawesome sow-fas\" data-sow-icon=\"&#xf2ed;\"\n\t\tstyle=\"font-size: 70px; color: #FFFFFF\" \n\t\taria-hidden=\"true\"><\/span>\t\t\t\t<\/div>\n\t\t\t\t\n\t\t\t\t<div class=\"textwidget\">\n\t\t\t\t\t\n\t\t\t\t\t\t\t\t\t\t\t<h5>\n\t\t\t\t\t\t\t\n\t\t\t\t\t\t\tIndsamling af affald i naturen, p\u00e5 gader og i vejkanter\t\t\t\t\t\t\t\t\t\t\t\t\t<\/h5>\n\t\t\t\t\t\n\t\t\t\t\t\t\t\t\t\t\t<p><strong>Vi interesserer os for: <\/strong>delsat v\u00e6re med til at skabe opm\u00e6rksomhed omkring affald i ingenmandsland, og dels at v\u00e6re med til at skabe en adf\u00e6rds\u00e6ndring, s\u00e5 der bliver smidt mindre affald.<\/p>\n<p><strong>Vi \u00f8nsker:\u00a0<\/strong>mindre affald i naturen, p\u00e5 gader og i vejkanter for derigennem\u00a0<span style=\"font-family: 'Source Sans Pro', sans-serif; font-size: 18px;\">at styrke milj\u00f8hensyn og b\u00e6redygtighed i vores lokalomr\u00e5de<\/span><span style=\"font-size: 18px; font-family: 'Source Sans Pro', sans-serif;\">.\u00a0<\/span><\/p>\n<p><strong>Vi har indtil videre gjort f\u00f8lgende:<\/strong>\u00a0Vi har v\u00e6ret aktivt deltagende i div. organiserede affaldsindsamlinger. Vi fors\u00f8ger desuden at synligg\u00f8re og anerkende de lokale ildsj\u00e6le og alle andre, der giver et nap med. Dette g\u00f8r vi ved bl.a. at dele, linke og like de gode historier p\u00e5 feks. Facebook<\/p>\n<p><strong>Hvad er n\u00e6ste skridt for os?<\/strong>\u00a0Vi vil tage kontakt til Trafik og ejendomme. Vi l\u00e6gger nyt op i sagen her s\u00e5 snart vi har mere.<\/p>\n<p>&nbsp;<\/p>\n\t\t\t\t\t\n\t\t\t\t\t\t\t\t\t<\/div>\n\t\t\t\t\t\t\t\t\n\t\t\t\t\t\t\t<\/div>\n\n\t\t\t\n<\/div>\n<\/div><\/div><\/div><\/div><\/div><\/div><p>Hits: 736<\/p>","protected":false},"excerpt":{"rendered":"<p>Vi har fokus p\u00e5: Affald i det offentlige rum Vi interesserer os for: at skabe flere og bedre muligheder for at komme af med sit affald n\u00e5r man f\u00e6rdes offentlige steder i vores lokalomr\u00e5de. Vi \u00f8nsker: at der bliver sat flere affaldsbeholdere op. Allerhelst nogen, der er let tilg\u00e6ngelige og som er lavet til sortering.&hellip; <br \/> <a class=\"button small blue\" href=\"http:\/\/www.stegelokalforum.dk\/index.php\/projekter\/vores-projekter\/affaldsindsamlingskorps\/\">L\u00e6s mere<\/a><\/p>\n<div class=\"pvc_clear\"><\/div>\n<p id=\"pvc_stats_120\" class=\"pvc_stats all  \" data-element-id=\"120\" style=\"\"><i class=\"pvc-stats-icon medium\" aria-hidden=\"true\"><svg aria-hidden=\"true\" focusable=\"false\" data-prefix=\"far\" data-icon=\"chart-bar\" role=\"img\" xmlns=\"http:\/\/www.w3.org\/2000\/svg\" viewBox=\"0 0 512 512\" class=\"svg-inline--fa fa-chart-bar fa-w-16 fa-2x\"><path fill=\"currentColor\" d=\"M396.8 352h22.4c6.4 0 12.8-6.4 12.8-12.8V108.8c0-6.4-6.4-12.8-12.8-12.8h-22.4c-6.4 0-12.8 6.4-12.8 12.8v230.4c0 6.4 6.4 12.8 12.8 12.8zm-192 0h22.4c6.4 0 12.8-6.4 12.8-12.8V140.8c0-6.4-6.4-12.8-12.8-12.8h-22.4c-6.4 0-12.8 6.4-12.8 12.8v198.4c0 6.4 6.4 12.8 12.8 12.8zm96 0h22.4c6.4 0 12.8-6.4 12.8-12.8V204.8c0-6.4-6.4-12.8-12.8-12.8h-22.4c-6.4 0-12.8 6.4-12.8 12.8v134.4c0 6.4 6.4 12.8 12.8 12.8zM496 400H48V80c0-8.84-7.16-16-16-16H16C7.16 64 0 71.16 0 80v336c0 17.67 14.33 32 32 32h464c8.84 0 16-7.16 16-16v-16c0-8.84-7.16-16-16-16zm-387.2-48h22.4c6.4 0 12.8-6.4 12.8-12.8v-70.4c0-6.4-6.4-12.8-12.8-12.8h-22.4c-6.4 0-12.8 6.4-12.8 12.8v70.4c0 6.4 6.4 12.8 12.8 12.8z\" class=\"\"><\/path><\/svg><\/i> <img loading=\"lazy\" decoding=\"async\" width=\"16\" height=\"16\" alt=\"Loading\" src=\"http:\/\/www.stegelokalforum.dk\/wp-content\/plugins\/page-views-count\/ajax-loader-2x.gif\" border=0 \/><\/p>\n<div class=\"pvc_clear\"><\/div>\n","protected":false},"author":2,"featured_media":0,"parent":128,"menu_order":2,"comment_status":"closed","ping_status":"closed","template":"","meta":{"footnotes":""},"_links":{"self":[{"href":"http:\/\/www.stegelokalforum.dk\/index.php\/wp-json\/wp\/v2\/pages\/120"}],"collection":[{"href":"http:\/\/www.stegelokalforum.dk\/index.php\/wp-json\/wp\/v2\/pages"}],"about":[{"href":"http:\/\/www.stegelokalforum.dk\/index.php\/wp-json\/wp\/v2\/types\/page"}],"author":[{"embeddable":true,"href":"http:\/\/www.stegelokalforum.dk\/index.php\/wp-json\/wp\/v2\/users\/2"}],"replies":[{"embeddable":true,"href":"http:\/\/www.stegelokalforum.dk\/index.php\/wp-json\/wp\/v2\/comments?post=120"}],"version-history":[{"count":69,"href":"http:\/\/www.stegelokalforum.dk\/index.php\/wp-json\/wp\/v2\/pages\/120\/revisions"}],"predecessor-version":[{"id":1068,"href":"http:\/\/www.stegelokalforum.dk\/index.php\/wp-json\/wp\/v2\/pages\/120\/revisions\/1068"}],"up":[{"embeddable":true,"href":"http:\/\/www.stegelokalforum.dk\/index.php\/wp-json\/wp\/v2\/pages\/128"}],"wp:attachment":[{"href":"http:\/\/www.stegelokalforum.dk\/index.php\/wp-json\/wp\/v2\/media?parent=120"}],"curies":[{"name":"wp","href":"https:\/\/api.w.org\/{rel}","templated":true}]}}